{"id":244,"date":"2026-05-11T11:04:20","date_gmt":"2026-05-11T11:04:20","guid":{"rendered":"https:\/\/pirosutak.hu\/?page_id=244"},"modified":"2026-05-12T15:39:44","modified_gmt":"2026-05-12T15:39:44","slug":"001-hoviragok-kozt-a-lebenyi-kiserdoben","status":"publish","type":"page","link":"https:\/\/pirosutak.hu\/index.php\/001-hoviragok-kozt-a-lebenyi-kiserdoben\/","title":{"rendered":"001. H\u00d3VIR\u00c1GOK K\u00d6ZT A L\u00c9B\u00c9NYI KISERD\u0150BEN"},"content":{"rendered":"\n<p>Val\u00f3j\u00e1ban amikor a traumatol\u00f3gus orvos azt mondta, hogy el lehet kezdeni sz\u00e9pen s\u00e9t\u00e1lni, akkor azut\u00e1n ez volt az els\u0151 t\u00far\u00e1nk. Ett\u00fcnk egy finom pizz\u00e1t a m\u00e1r kor\u00e1bban bev\u00e1lt hely\u00fcnk\u00f6n, \u00e9s megcsod\u00e1ltuk a tavasz h\u00edrn\u00f6keit, hiszen ez a t\u00fara m\u00e9g febru\u00e1rban volt. Akkor m\u00e9g a piros utak bej\u00e1r\u00e1sa gondolatban sem fogalmaz\u00f3dott meg. De \u00edgy, hogy k\u00e9sz\u00fcl a blog, a sz\u00e9p k\u00e9pek miatt mindenk\u00e9ppen be szerettem volna rakni, hogy j\u00f6v\u0151re m\u00e1snak is esz\u00e9be jusson elj\u00f6nni ide.<\/p>\n\n\n\n<div class=\"wp-block-media-text is-stacked-on-mobile\"><figure class=\"wp-block-media-text__media\"><img loading=\"lazy\" decoding=\"async\" width=\"1024\" height=\"768\" src=\"https:\/\/pirosutak.hu\/wp-content\/uploads\/2026\/05\/IMG_7896-1024x768.jpg\" alt=\"\" class=\"wp-image-245 size-full\" srcset=\"https:\/\/pirosutak.hu\/wp-content\/uploads\/2026\/05\/IMG_7896-1024x768.jpg 1024w, https:\/\/pirosutak.hu\/wp-content\/uploads\/2026\/05\/IMG_7896-300x225.jpg 300w, https:\/\/pirosutak.hu\/wp-content\/uploads\/2026\/05\/IMG_7896-768x576.jpg 768w, https:\/\/pirosutak.hu\/wp-content\/uploads\/2026\/05\/IMG_7896-1536x1152.jpg 1536w, https:\/\/pirosutak.hu\/wp-content\/uploads\/2026\/05\/IMG_7896-2048x1536.jpg 2048w\" sizes=\"auto, (max-width: 1024px) 100vw, 1024px\" \/><\/figure><div class=\"wp-block-media-text__content\">\n<ul class=\"wp-block-list\">\n<li>Az \u00fat sorsz\u00e1ma:&nbsp;<strong>001<\/strong><\/li>\n\n\n\n<li>Start:&nbsp;<strong>L\u00e9b\u00e9ny, focip\u00e1lya<\/strong><\/li>\n\n\n\n<li>GPS kezd\u00e9s 47.75456, 17.30184<\/li>\n\n\n\n<li>Febru\u00e1r 14. 12:56<\/li>\n\n\n\n<li>C\u00e9l:&nbsp;<strong>L\u00e9b\u00e9ny focip\u00e1lya<\/strong><\/li>\n\n\n\n<li>GPS v\u00e9gpont: 47.75456, 17.30184<\/li>\n\n\n\n<li>Febru\u00e1r 14. 14:17<\/li>\n\n\n\n<li>T\u00e1vols\u00e1g:&nbsp;<strong>3.00 km<\/strong><\/li>\n\n\n\n<li>Szintemelked\u00e9s: 1.0 m\u00e9ter<\/li>\n\n\n\n<li>Id\u0151j\u00e1r\u00e1s: 10 Celsius fok<\/li>\n<\/ul>\n\n\n\n<ul class=\"wp-block-list\">\n<li>B\u00fcf\u00e9: VAN (a sportp\u00e1ly\u00e1n\u00e1l)<\/li>\n\n\n\n<li>V\u00edzlel\u0151hely: VAN (ugyanitt)<\/li>\n\n\n\n<li>Mosd\u00f3: VAN (a l\u00e9tes\u00edtm\u00e9nyben)<\/li>\n<\/ul>\n<\/div><\/div>\n\n\n\n<p>Gy\u0151r mellett, L\u00e9b\u00e9ny hat\u00e1r\u00e1ban, a Fert\u0151-Hans\u00e1g Nemzeti Park ter\u00fclet\u00e9n tal\u00e1lhat\u00f3 a l\u00e9b\u00e9nyi T\u00f6lgy-erd\u0151. Itt milli\u00f3s t\u00f6megben fordul el\u0151 a tavasz h\u00edrn\u00f6ke, a h\u00f3vir\u00e1g, Van egy tan\u00f6sv\u00e9ny, ami a sportp\u00e1lya bej\u00e1rat\u00e1t\u00f3l indul. Innen egy k\u00f6nnyed t\u00far\u00e1val, mintegy m\u00e1sf\u00e9l km hosszban csod\u00e1lhatjuk meg a h\u00f3vir\u00e1gokat. A t\u00far\u00e1ra  janu\u00e1r v\u00e9g\u00e9t\u0151l febru\u00e1r k\u00f6zep\u00e9ig \u00e9rdemes elindulni, mert azut\u00e1n nyilv\u00e1n el fognak hervadni ezek a kis vir\u00e1gok. \u00c9s akik szeretik az eff\u00e9le kir\u00e1ndul\u00e1sokat, nekik j\u00f3 h\u00edr, hogy minden \u00e9v febru\u00e1rj\u00e1ban a R\u00e1bak\u00f6zben, eg\u00e9szen pontosan Cs\u00e1fordj\u00e1nosf\u00e1n a t\u0151zike erd\u0151 is vir\u00e1gba borul.&nbsp;<\/p>\n\n\n\n<figure class=\"wp-block-gallery has-nested-images columns-default is-cropped wp-block-gallery-1 is-layout-flex wp-block-gallery-is-layout-flex\">\n<figure class=\"wp-block-image size-large\"><a href=\"https:\/\/pirosutak.hu\/wp-content\/uploads\/2026\/05\/IMG_7916-scaled.jpg\" data-rel=\"lightbox-image-0\" data-rl_title=\"\" data-rl_caption=\"\" title=\"\"><img loading=\"lazy\" decoding=\"async\" width=\"1024\" height=\"768\" data-id=\"252\" src=\"https:\/\/pirosutak.hu\/wp-content\/uploads\/2026\/05\/IMG_7916-1024x768.jpg\" alt=\"\" class=\"wp-image-252\" srcset=\"https:\/\/pirosutak.hu\/wp-content\/uploads\/2026\/05\/IMG_7916-1024x768.jpg 1024w, https:\/\/pirosutak.hu\/wp-content\/uploads\/2026\/05\/IMG_7916-300x225.jpg 300w, https:\/\/pirosutak.hu\/wp-content\/uploads\/2026\/05\/IMG_7916-768x576.jpg 768w, https:\/\/pirosutak.hu\/wp-content\/uploads\/2026\/05\/IMG_7916-1536x1152.jpg 1536w, https:\/\/pirosutak.hu\/wp-content\/uploads\/2026\/05\/IMG_7916-2048x1536.jpg 2048w\" sizes=\"auto, (max-width: 1024px) 100vw, 1024px\" \/><\/a><\/figure>\n\n\n\n<figure class=\"wp-block-image size-large\"><a href=\"https:\/\/pirosutak.hu\/wp-content\/uploads\/2026\/05\/IMG_7894-scaled.jpg\" data-rel=\"lightbox-image-1\" data-rl_title=\"\" data-rl_caption=\"\" title=\"\"><img loading=\"lazy\" decoding=\"async\" width=\"1024\" height=\"768\" data-id=\"251\" src=\"https:\/\/pirosutak.hu\/wp-content\/uploads\/2026\/05\/IMG_7894-1024x768.jpg\" alt=\"\" class=\"wp-image-251\" srcset=\"https:\/\/pirosutak.hu\/wp-content\/uploads\/2026\/05\/IMG_7894-1024x768.jpg 1024w, https:\/\/pirosutak.hu\/wp-content\/uploads\/2026\/05\/IMG_7894-300x225.jpg 300w, https:\/\/pirosutak.hu\/wp-content\/uploads\/2026\/05\/IMG_7894-768x576.jpg 768w, https:\/\/pirosutak.hu\/wp-content\/uploads\/2026\/05\/IMG_7894-1536x1152.jpg 1536w, https:\/\/pirosutak.hu\/wp-content\/uploads\/2026\/05\/IMG_7894-2048x1536.jpg 2048w\" sizes=\"auto, (max-width: 1024px) 100vw, 1024px\" \/><\/a><\/figure>\n\n\n\n<figure class=\"wp-block-image size-large\"><a href=\"https:\/\/pirosutak.hu\/wp-content\/uploads\/2026\/05\/IMG_7887-scaled.jpg\" data-rel=\"lightbox-image-2\" data-rl_title=\"\" data-rl_caption=\"\" title=\"\"><img loading=\"lazy\" decoding=\"async\" width=\"1024\" height=\"768\" data-id=\"248\" src=\"https:\/\/pirosutak.hu\/wp-content\/uploads\/2026\/05\/IMG_7887-1024x768.jpg\" alt=\"\" class=\"wp-image-248\" srcset=\"https:\/\/pirosutak.hu\/wp-content\/uploads\/2026\/05\/IMG_7887-1024x768.jpg 1024w, https:\/\/pirosutak.hu\/wp-content\/uploads\/2026\/05\/IMG_7887-300x225.jpg 300w, https:\/\/pirosutak.hu\/wp-content\/uploads\/2026\/05\/IMG_7887-768x576.jpg 768w, https:\/\/pirosutak.hu\/wp-content\/uploads\/2026\/05\/IMG_7887-1536x1152.jpg 1536w, https:\/\/pirosutak.hu\/wp-content\/uploads\/2026\/05\/IMG_7887-2048x1536.jpg 2048w\" sizes=\"auto, (max-width: 1024px) 100vw, 1024px\" \/><\/a><\/figure>\n\n\n\n<figure class=\"wp-block-image size-large\"><a href=\"https:\/\/pirosutak.hu\/wp-content\/uploads\/2026\/05\/IMG_7861-scaled.jpg\" data-rel=\"lightbox-image-3\" data-rl_title=\"\" data-rl_caption=\"\" title=\"\"><img loading=\"lazy\" decoding=\"async\" width=\"768\" height=\"1024\" data-id=\"364\" src=\"https:\/\/pirosutak.hu\/wp-content\/uploads\/2026\/05\/IMG_7861-768x1024.jpg\" alt=\"\" class=\"wp-image-364\" srcset=\"https:\/\/pirosutak.hu\/wp-content\/uploads\/2026\/05\/IMG_7861-768x1024.jpg 768w, https:\/\/pirosutak.hu\/wp-content\/uploads\/2026\/05\/IMG_7861-225x300.jpg 225w, https:\/\/pirosutak.hu\/wp-content\/uploads\/2026\/05\/IMG_7861-1152x1536.jpg 1152w, https:\/\/pirosutak.hu\/wp-content\/uploads\/2026\/05\/IMG_7861-1536x2048.jpg 1536w, https:\/\/pirosutak.hu\/wp-content\/uploads\/2026\/05\/IMG_7861-scaled.jpg 1920w\" sizes=\"auto, (max-width: 768px) 100vw, 768px\" \/><\/a><\/figure>\n\n\n\n<figure class=\"wp-block-image size-large\"><a href=\"https:\/\/pirosutak.hu\/wp-content\/uploads\/2026\/05\/IMG_7907-scaled.jpg\" data-rel=\"lightbox-image-4\" data-rl_title=\"\" data-rl_caption=\"\" title=\"\"><img loading=\"lazy\" decoding=\"async\" width=\"1024\" height=\"768\" data-id=\"365\" src=\"https:\/\/pirosutak.hu\/wp-content\/uploads\/2026\/05\/IMG_7907-1024x768.jpg\" alt=\"\" class=\"wp-image-365\" srcset=\"https:\/\/pirosutak.hu\/wp-content\/uploads\/2026\/05\/IMG_7907-1024x768.jpg 1024w, https:\/\/pirosutak.hu\/wp-content\/uploads\/2026\/05\/IMG_7907-300x225.jpg 300w, https:\/\/pirosutak.hu\/wp-content\/uploads\/2026\/05\/IMG_7907-768x576.jpg 768w, https:\/\/pirosutak.hu\/wp-content\/uploads\/2026\/05\/IMG_7907-1536x1152.jpg 1536w, https:\/\/pirosutak.hu\/wp-content\/uploads\/2026\/05\/IMG_7907-2048x1536.jpg 2048w\" sizes=\"auto, (max-width: 1024px) 100vw, 1024px\" \/><\/a><\/figure>\n\n\n\n<figure class=\"wp-block-image size-large\"><a href=\"https:\/\/pirosutak.hu\/wp-content\/uploads\/2026\/05\/IMG_7893-scaled.jpg\" data-rel=\"lightbox-image-5\" data-rl_title=\"\" data-rl_caption=\"\" title=\"\"><img loading=\"lazy\" decoding=\"async\" width=\"1024\" height=\"769\" data-id=\"247\" src=\"https:\/\/pirosutak.hu\/wp-content\/uploads\/2026\/05\/IMG_7893-1024x769.jpg\" alt=\"\" class=\"wp-image-247\" srcset=\"https:\/\/pirosutak.hu\/wp-content\/uploads\/2026\/05\/IMG_7893-1024x769.jpg 1024w, https:\/\/pirosutak.hu\/wp-content\/uploads\/2026\/05\/IMG_7893-300x225.jpg 300w, https:\/\/pirosutak.hu\/wp-content\/uploads\/2026\/05\/IMG_7893-768x577.jpg 768w, https:\/\/pirosutak.hu\/wp-content\/uploads\/2026\/05\/IMG_7893-1536x1154.jpg 1536w, https:\/\/pirosutak.hu\/wp-content\/uploads\/2026\/05\/IMG_7893-2048x1539.jpg 2048w\" sizes=\"auto, (max-width: 1024px) 100vw, 1024px\" \/><\/a><\/figure>\n<\/figure>\n\n\n\n<p>T\u00e9nyleg b\u00e1rhov\u00e1 l\u00e9psz, mindenhol az \u00f6sv\u00e9nyen ott figyel a h\u00f3vir\u00e1g. N\u00e9zegetni lehet, de szedni egy\u00e9bk\u00e9nt tov\u00e1bbra is tilos. Eur\u00f3p\u00e1ban orsz\u00e1gonk\u00e9nt elt\u00e9r\u0151ek a szab\u00e1lyok.Van, ahol korl\u00e1tozott mennyis\u00e9gben szedhet\u0151,&nbsp;Magyarorsz\u00e1gon azonban teljes tilalom vonatkozik r\u00e1 \u00e9s kem\u00e9ny b\u00fcntet\u00e9s j\u00e1r a let\u00e9p\u00e9s\u00e9\u00e9rt.<strong>&nbsp;<\/strong>Annak idej\u00e9n az\u00e9rt ker\u00fclt a v\u00e9dett n\u00f6v\u00e9nyek k\u00f6z\u00e9, mert a hagym\u00e1i k\u00fclf\u00f6ld\u00f6n nagyon keresettek \u2013 f\u0151leg Hollandi\u00e1ban \u2013 ez\u00e9rt sok helyen t\u00f6meges gy\u0171jt\u00e9s indult el. Ez a folyamat r\u00f6vid id\u0151n bel\u00fcl komoly \u00e1llom\u00e1nycs\u00f6kken\u00e9st okozott, ez\u00e9rt 2005-t\u0151l a kikeleti h\u00f3vir\u00e1g v\u00e9dett n\u00f6v\u00e9ny lett Magyarorsz\u00e1gon.<strong>&nbsp;<\/strong>Term\u00e9szetv\u00e9delmi \u00e9rt\u00e9ke sz\u00e1lank\u00e9nt 10 ezer forint.<\/p>\n\n\n\n<figure class=\"wp-block-image size-large\"><a href=\"https:\/\/pirosutak.hu\/wp-content\/uploads\/2026\/05\/IMG_7928-1-scaled.jpg\" data-rel=\"lightbox-image-6\" data-rl_title=\"\" data-rl_caption=\"\" title=\"\"><img loading=\"lazy\" decoding=\"async\" width=\"1024\" height=\"768\" src=\"https:\/\/pirosutak.hu\/wp-content\/uploads\/2026\/05\/IMG_7928-1-1024x768.jpg\" alt=\"\" class=\"wp-image-254\" srcset=\"https:\/\/pirosutak.hu\/wp-content\/uploads\/2026\/05\/IMG_7928-1-1024x768.jpg 1024w, https:\/\/pirosutak.hu\/wp-content\/uploads\/2026\/05\/IMG_7928-1-300x225.jpg 300w, https:\/\/pirosutak.hu\/wp-content\/uploads\/2026\/05\/IMG_7928-1-768x576.jpg 768w, https:\/\/pirosutak.hu\/wp-content\/uploads\/2026\/05\/IMG_7928-1-1536x1152.jpg 1536w, https:\/\/pirosutak.hu\/wp-content\/uploads\/2026\/05\/IMG_7928-1-2048x1536.jpg 2048w\" sizes=\"auto, (max-width: 1024px) 100vw, 1024px\" \/><\/a><\/figure>\n\n\n\n<p>Hanem azt\u00e1n miel\u0151tt elmenn\u00e9nk innen a Gy\u0151rh\u00f6z k\u00f6zeli telep\u00fcl\u00e9sr\u0151l, felt\u00e9tlen\u00fcl meg kell csod\u00e1lnunk a Szent Jakab apostol-pl\u00e9b\u00e1niatemplomot. Ez a rom\u00e1n st\u00edlusban \u00e9p\u00fclt k\u00f6z\u00e9pkori kereszt\u00e9ny templom Magyarorsz\u00e1g egyik legjelent\u0151sebb k\u00f6z\u00e9pkori \u00e9p\u00edt\u00e9szeti eml\u00e9ke, a v\u00e1ros orsz\u00e1gos h\u00edr\u0171 nevezetess\u00e9ge.<\/p>\n\n\n\n<p>Els\u0151 \u00edr\u00e1sos eml\u00e9ke egy 1208-ban kiadott oklev\u00e9l, de falai m\u00e1r val\u00f3sz\u00edn\u0171leg k\u00e9t \u00e9vvel kor\u00e1bban is \u00e1lltak, hiszen k\u00fcls\u0151 fal\u00e1ba v\u00e9sve tal\u00e1ljuk ezt az \u00e9vsz\u00e1mot. K\u00f6veit a fert\u0151r\u00e1kosi k\u0151fejt\u0151b\u0151l hozt\u00e1k. A templom az 1242-es tat\u00e1rj\u00e1r\u00e1st m\u00e9g \u00e1tv\u00e9szelte, de a t\u00f6r\u00f6k h\u00e1bor\u00fak sor\u00e1n t\u00f6bbsz\u00f6r is er\u0151sen megrong\u00e1l\u00f3dott.<\/p>\n\n\n\n<p>A t\u00f6r\u00f6k puszt\u00edt\u00e1sok miatt a benc\u00e9s&nbsp;szerzetesek elhagyt\u00e1k itteni birtokaikat, Pannonhalm\u00e1ra k\u00f6lt\u00f6ztek, \u00e9s a kolostor lakatlann\u00e1 v\u00e1lt. A romos ap\u00e1ts\u00e1got 1631-ben a&nbsp;jezsuit\u00e1k&nbsp;kapt\u00e1k meg, n\u00e9h\u00e1ny \u00e9ven bel\u00fcl az \u00e9p\u00fcleteket helyre is \u00e1ll\u00edtott\u00e1k, \u00e1m a templomot 1683-ban a t\u00f6r\u00f6k\u00f6k ism\u00e9t fel\u00e9gett\u00e9k, ekkor a tet\u0151zet \u00e9s az eredeti bolt\u00edvek beszakadtak. A jezsuit\u00e1k rendj\u00fck 1773-as feloszlat\u00e1sa ut\u00e1n elhagyt\u00e1k&nbsp;L\u00e9b\u00e9nyt, a kolostor ekkor m\u00e1sodszor is eln\u00e9ptelenedett. A birtokok t\u00f6bbs\u00e9g\u00e9t a&nbsp;Zichy-csal\u00e1d&nbsp;szerezte meg, \u0151k a templomot a falunak adt\u00e1k \u00e1t, \u00edgy az 1830-ban L\u00e9b\u00e9ny pl\u00e9b\u00e1niatemploma lett. Az \u00fajabb helyre\u00e1ll\u00edt\u00e1s sor\u00e1n a romos kolostor\u00e9p\u00fcletek nagy r\u00e9sz\u00e9t lebontott\u00e1k, egy kisebbik r\u00e9szt pedig meghagytak a pl\u00e9b\u00e1ni\u00e1nak. A templom\u00e9p\u00fclet azonban 1841-ben \u00fajra t\u0171zv\u00e9sz \u00e1ldozata lett, tornyait ut\u00f3bb egyszer\u0171, barokkos sisakokkal l\u00e1tt\u00e1k el. V\u00e9g\u00fcl a templom mai form\u00e1j\u00e1t az 1862-t\u0151l 1879-ig tart\u00f3 restaur\u00e1l\u00e1s sor\u00e1n nyerte el, leh\u00e1ntott\u00e1k az \u00e9vsz\u00e1zadok r\u00e9tegeit, \u00edgy ma a h\u00e1romhaj\u00f3s templom \u00c1rp\u00e1d-kori csupasz fali \u00e1llnak el\u0151tt\u00fcnk.<\/p>\n\n\n\n<p><em>L\u00e9b\u00e9ny, 2026. febru\u00e1r 14.<\/em><\/p>\n\n\n\n<figure class=\"wp-block-gallery has-nested-images columns-default is-cropped wp-block-gallery-2 is-layout-flex wp-block-gallery-is-layout-flex\">\n<figure class=\"wp-block-image size-large\"><img loading=\"lazy\" decoding=\"async\" width=\"894\" height=\"591\" data-id=\"257\" src=\"https:\/\/pirosutak.hu\/wp-content\/uploads\/2026\/05\/Screen-Shot-2026-05-11-at-13.01.11.png\" alt=\"\" class=\"wp-image-257\" srcset=\"https:\/\/pirosutak.hu\/wp-content\/uploads\/2026\/05\/Screen-Shot-2026-05-11-at-13.01.11.png 894w, https:\/\/pirosutak.hu\/wp-content\/uploads\/2026\/05\/Screen-Shot-2026-05-11-at-13.01.11-300x198.png 300w, https:\/\/pirosutak.hu\/wp-content\/uploads\/2026\/05\/Screen-Shot-2026-05-11-at-13.01.11-768x508.png 768w\" sizes=\"auto, (max-width: 894px) 100vw, 894px\" \/><\/figure>\n\n\n\n<figure class=\"wp-block-image size-large\"><img loading=\"lazy\" decoding=\"async\" width=\"592\" height=\"405\" data-id=\"256\" src=\"https:\/\/pirosutak.hu\/wp-content\/uploads\/2026\/05\/Screen-Shot-2026-05-11-at-12.58.04-1.png\" alt=\"\" class=\"wp-image-256\" srcset=\"https:\/\/pirosutak.hu\/wp-content\/uploads\/2026\/05\/Screen-Shot-2026-05-11-at-12.58.04-1.png 592w, https:\/\/pirosutak.hu\/wp-content\/uploads\/2026\/05\/Screen-Shot-2026-05-11-at-12.58.04-1-300x205.png 300w\" sizes=\"auto, (max-width: 592px) 100vw, 592px\" \/><\/figure>\n<\/figure>\n\n\n\n<p>A piros \u00faton val\u00f3j\u00e1ban csak az indul\u00e1st\u00f3l sz\u00e1m\u00edtva kb. az els\u0151 szakaszon haladtunk, ez a jobb oldali \u00e1br\u00e1n az als\u00f3 vonalat jelenti.<\/p>\n\n\n\n<p><\/p>\n","protected":false},"excerpt":{"rendered":"<p>Egy t\u00fara, amikor m\u00e9g nem gondoltuk, hogy fontos lesz sz\u00e1muunkra a piros. Ide l\u00e9b\u00e9nybe janu\u00e1rban \u00e9rdemes ell\u00e1togatni, mutatjuk mi\u00e9rt.<\/p>\n","protected":false},"author":1,"featured_media":250,"parent":0,"menu_order":0,"comment_status":"closed","ping_status":"closed","template":"","meta":{"footnotes":""},"class_list":["post-244","page","type-page","status-publish","has-post-thumbnail","hentry"],"_links":{"self":[{"href":"https:\/\/pirosutak.hu\/index.php\/wp-json\/wp\/v2\/pages\/244","targetHints":{"allow":["GET"]}}],"collection":[{"href":"https:\/\/pirosutak.hu\/index.php\/wp-json\/wp\/v2\/pages"}],"about":[{"href":"https:\/\/pirosutak.hu\/index.php\/wp-json\/wp\/v2\/types\/page"}],"author":[{"embeddable":true,"href":"https:\/\/pirosutak.hu\/index.php\/wp-json\/wp\/v2\/users\/1"}],"replies":[{"embeddable":true,"href":"https:\/\/pirosutak.hu\/index.php\/wp-json\/wp\/v2\/comments?post=244"}],"version-history":[{"count":6,"href":"https:\/\/pirosutak.hu\/index.php\/wp-json\/wp\/v2\/pages\/244\/revisions"}],"predecessor-version":[{"id":367,"href":"https:\/\/pirosutak.hu\/index.php\/wp-json\/wp\/v2\/pages\/244\/revisions\/367"}],"wp:featuredmedia":[{"embeddable":true,"href":"https:\/\/pirosutak.hu\/index.php\/wp-json\/wp\/v2\/media\/250"}],"wp:attachment":[{"href":"https:\/\/pirosutak.hu\/index.php\/wp-json\/wp\/v2\/media?parent=244"}],"curies":[{"name":"wp","href":"https:\/\/api.w.org\/{rel}","templated":true}]}}