{"id":339,"date":"2026-05-12T08:56:09","date_gmt":"2026-05-12T08:56:09","guid":{"rendered":"https:\/\/pirosutak.hu\/?page_id=339"},"modified":"2026-05-13T18:00:09","modified_gmt":"2026-05-13T18:00:09","slug":"ausztria","status":"publish","type":"page","link":"https:\/\/pirosutak.hu\/index.php\/ausztria\/","title":{"rendered":"AUSZTRIA"},"content":{"rendered":"\n<p>Gy\u0151rb\u0151l ez nek\u00fcnk nem t\u00fal nagy t\u00e1vols\u00e1g, \u00e9s miut\u00e1n r\u00e9gen is sokat t\u00far\u00e1ztunk ott, az 1000 km-be k\u00f6nnyebben belef\u00e9r, mint a kelet-magyarorsz\u00e1gi t\u00e1jak, \u00edgy biztos megy\u00fcnk ide.<\/p>\n\n\n\n<p><\/p>\n\n\n\n<p>Most, hogy a turistautak ut\u00e1n kutatok, felfedeztem, hogy Ausztri\u00e1ban l\u00e9tezik az alpannonia\u00ae t\u00fara\u00fatvonal. Itt a  jelz\u00e9seinek kialak\u00edt\u00e1sakor az alpesi egyes\u00fcletek \u00e1ltal nemzetk\u00f6zileg elismert jelz\u00e9srendszert vett\u00e9k figyelembe, melyeknek az \u00e1talak\u00edt\u00e1sa m\u00e1r t\u00f6bb eur\u00f3pai orsz\u00e1gban megkezd\u0151d\u00f6tt. Az \u00fatvonal ment\u00e9n k\u00e9t \u00fatbaigaz\u00edt\u00f3 t\u00e1bla k\u00f6z\u00f6tti \u00fatszakaszon a felfestett vagy ragasztott alpannonia jelz\u00e9sek seg\u00edtik a t\u00e1j\u00e9koz\u00f3d\u00e1st &#8211; ezek azonban sokkal ritk\u00e1bbak, mint amit itthon megszokhattunk.<\/p>\n\n\n<div class=\"wp-block-image\">\n<figure class=\"aligncenter size-full is-resized\"><img loading=\"lazy\" decoding=\"async\" width=\"287\" height=\"236\" src=\"https:\/\/pirosutak.hu\/wp-content\/uploads\/2026\/05\/Screen-Shot-2026-05-12-at-10.32.38.png\" alt=\"\" class=\"wp-image-340\" style=\"width:199px;height:auto\"\/><\/figure>\n<\/div>\n\n\n<p>Az \u00fatbaigaz\u00edt\u00f3 t\u00e1bl\u00e1k alapsz\u00edne a s\u00e1rga, rajta a feliratok fekete sz\u00edn\u0171ek. Az \u00fatbaigaz\u00edt\u00f3 t\u00e1bl\u00e1k mindig egy k\u00f6zelebbi \u00e9s egy t\u00e1volabbi \u00fatic\u00e9lt \u00e9s a menetid\u0151t is jelzik, piktogramok (buszmeg\u00e1ll\u00f3, k\u00f6t\u00e9lp\u00e1lya, vend\u00e9gl\u0151k), valamint az \u00fatvonal log\u00f3ja seg\u00edtenek a t\u00e1j\u00e9koz\u00f3d\u00e1sban. A f\u00e9mb\u0151l k\u00e9sz\u00fclt \u00fatbaigaz\u00edt\u00f3 oszlopokra alpannonia log\u00f3val ell\u00e1tott t\u00e1bl\u00e1k vagy matric\u00e1k ker\u00fclnek.<\/p>\n\n\n\n<p>Amit m\u00e9g tal\u00e1ltam: ezt aj\u00e1nlott\u00e1k a Salzburg k\u00f6rny\u00e9ki hegyit\u00far\u00e1z\u00f3k sz\u00e1m\u00e1ra.<\/p>\n\n\n\n<pre class=\"wp-block-preformatted\">10 SZAB\u00c1LY, AMIT BE KELL TARTANI<br>Megfelel\u0151 kond\u00edci\u00f3: Ne k\u00eds\u00e9rletezz\u00fcnk olyan tereppel, amit nem biztos, hogy teljes\u00edteni tudunk. K\u00fcl\u00f6n\u00f6sen \u00fcgyelj\u00fcnk erre, ha gyerekek is j\u00f6nnek vel\u00fcnk.<br>Tervezz\u00fcnk gondosan: T\u00e1j\u00e9koz\u00f3djunk, milyen id\u0151 v\u00e1rhat\u00f3, meddig van vil\u00e1gos. K\u00e9rj\u00fcnk tan\u00e1csot sz\u00e1ll\u00e1sad\u00f3nkt\u00f3l vagy a hegyi mened\u00e9kh\u00e1zban. Kor\u00e1n induljunk \u00fatnak.<br>Ruh\u00e1zat, felszerel\u00e9s: A l\u00e1bat j\u00f3l tart\u00f3, profiltalp\u00fa trekkingcip\u0151 vagy t\u00farabakancs legyen a l\u00e1bunkon, a h\u00e1tizs\u00e1kb\u00f3l ne hi\u00e1nyozzon az els\u0151seg\u00e9lycsomag, a napv\u00e9d\u0151 kr\u00e9m. Legyen n\u00e1lunk pul\u00f3ver, stb. sz\u00e9l \u00e9s hideg ellen, vigy\u00fcnk magunkkal inni- \u00e9s ennival\u00f3t, felt\u00f6lt\u00f6tt mobiltelefont.<br>Adjuk meg, hova k\u00e9sz\u00fcl\u00fcnk: J\u00f3, ha vend\u00e9gl\u00e1t\u00f3nk tudja, hova indultunk \u00e9s kb. mikorra v\u00e1rhat\u00f3 a visszat\u00e9r\u00e9s\u00fcnk.<br>Menettemp\u00f3: Olyan \u00fctemben haladjunk, ami a csoport minden tagj\u00e1nak k\u00e9nyelmesen megfelel. Nem j\u00f3, ha b\u00e1rki is kimer\u00fcl, mert m\u00e9g a k\u00f6nnyebb terepen is oda kell figyelni, hova l\u00e9p\u00fcnk.<br>Ne hagyjuk el a jelzett turistautat: Salzburg tartom\u00e1nyban a talaj k\u00f6zel\u00e9ben elhelyezett piros-feh\u00e9r jelz\u00e9sek \u00e9s s\u00e1rga t\u00e1bl\u00e1k jelzik a turistautakat. Ne t\u00e9rj\u00fcnk le r\u00f3luk. Meredek f\u00fcves hegyoldalakon fokozott \u00f3vatoss\u00e1ggal haladjunk, f\u0151leg, ha a f\u0171 nedves. H\u00f3 \u00e9s j\u00e9g bor\u00edtotta meredek terepen \u00e1tv\u00e1gni vesz\u00e9lyes lehet.<br>K\u0151oml\u00e1s: Vigy\u00e1zzunk, ne r\u00fagjuk le a l\u00e1bunk el\u00e9 ker\u00fcl\u0151 k\u00f6veket az \u00f6sv\u00e9nyr\u0151l, net\u00e1n eltal\u00e1lhatnak valakit. Olyan helyeken pedig, ahol k\u0151oml\u00e1sra kell sz\u00e1m\u00edtani, gyorsan \u00e9s meg\u00e1ll\u00e1s n\u00e9lk\u00fcl haladjunk.<br>Id\u0151j\u00e1r\u00e1s: T\u00far\u00e1z\u00e1s k\u00f6zben figyelj\u00fcnk az id\u0151j\u00e1r\u00e1sra, a hegyekben hirtelen kerekedhet vihar, igyekezz\u00fcnk id\u0151ben mened\u00e9ket tal\u00e1lni.<br>Felel\u0151s d\u00f6nt\u00e9s: Hirtelen id\u0151v\u00e1ltoz\u00e1s, k\u00f6d eset\u00e9n, ha nagyon kif\u00e1radtunk, vagy az \u00fat nehezen j\u00e1rhat\u00f3, felt\u00e9tlen\u00fcl forduljunk vissza!<br>V\u00e9szhelyzetben \u0151rizz\u00fck meg nyugalmunkat, k\u00e9rj\u00fcnk seg\u00edts\u00e9get telefonon. A hegyi ment\u0151k h\u00edv\u00f3sz\u00e1ma 140, az eur\u00f3pai seg\u00e9lyh\u00edv\u00f3\u00e9 112. GSM mobillal SIM k\u00e1rtya n\u00e9lk\u00fcl is h\u00edvhat\u00f3k, ha van t\u00e9rer\u0151. Ellenkez\u0151 esetben alpesi v\u00e9szjelz\u00e9st kell leadni hang- vagy f\u00e9nyjelz\u00e9s form\u00e1j\u00e1ban percenk\u00e9nt 6-szor, szab\u00e1lyos id\u0151k\u00f6z\u00f6nk\u00e9nt, azt\u00e1n 1 perc sz\u00fcnet. Ha megs\u00e9r\u00fclt valaki, semmik\u00e9pp se hagyjuk mag\u00e1ra!<\/pre>\n\n\n\n<p><\/p>\n","protected":false},"excerpt":{"rendered":"<p>Ausztria kiv\u00e1l\u00f3 t\u00farac\u00e9lpont, pl\u00e1ne nek\u00fcnk Gy\u0151rb\u0151l, hiszen nagypn k\u00f6zel van. A fantasztikus alpesi cs\u00facsok, a krist\u00e1lytiszta tavak\u00f3 \u00e9s a m\u00e9ly szurdokok rengeteg lehet\u0151s\u00e9get adnak. \u00c1ll\u00edt\u00f3lag k\u00f6zel 100 ezer t\u00fara\u00fatvonalat alak\u00edtottak ki, ezek k\u00f6z\u00fcl n\u00e9h\u00e1nyat biztosan mi is megl\u00e1togatunk, hiszen gyakori \u00fatvonal a piros<\/p>\n","protected":false},"author":1,"featured_media":342,"parent":0,"menu_order":0,"comment_status":"closed","ping_status":"closed","template":"","meta":{"footnotes":""},"class_list":["post-339","page","type-page","status-publish","has-post-thumbnail","hentry"],"_links":{"self":[{"href":"https:\/\/pirosutak.hu\/index.php\/wp-json\/wp\/v2\/pages\/339","targetHints":{"allow":["GET"]}}],"collection":[{"href":"https:\/\/pirosutak.hu\/index.php\/wp-json\/wp\/v2\/pages"}],"about":[{"href":"https:\/\/pirosutak.hu\/index.php\/wp-json\/wp\/v2\/types\/page"}],"author":[{"embeddable":true,"href":"https:\/\/pirosutak.hu\/index.php\/wp-json\/wp\/v2\/users\/1"}],"replies":[{"embeddable":true,"href":"https:\/\/pirosutak.hu\/index.php\/wp-json\/wp\/v2\/comments?post=339"}],"version-history":[{"count":7,"href":"https:\/\/pirosutak.hu\/index.php\/wp-json\/wp\/v2\/pages\/339\/revisions"}],"predecessor-version":[{"id":418,"href":"https:\/\/pirosutak.hu\/index.php\/wp-json\/wp\/v2\/pages\/339\/revisions\/418"}],"wp:featuredmedia":[{"embeddable":true,"href":"https:\/\/pirosutak.hu\/index.php\/wp-json\/wp\/v2\/media\/342"}],"wp:attachment":[{"href":"https:\/\/pirosutak.hu\/index.php\/wp-json\/wp\/v2\/media?parent=339"}],"curies":[{"name":"wp","href":"https:\/\/api.w.org\/{rel}","templated":true}]}}