{"id":345,"date":"2026-05-12T08:55:24","date_gmt":"2026-05-12T08:55:24","guid":{"rendered":"https:\/\/pirosutak.hu\/?page_id=345"},"modified":"2026-05-13T18:06:38","modified_gmt":"2026-05-13T18:06:38","slug":"szlovakia","status":"publish","type":"page","link":"https:\/\/pirosutak.hu\/index.php\/szlovakia\/","title":{"rendered":"SZLOV\u00c1KIA"},"content":{"rendered":"\n<p>Szlov\u00e1kia&nbsp;els\u0151 sz\u00e1m\u00fa turisztikai r\u00e9gi\u00f3ja a&nbsp;Magas-T\u00e1tra&nbsp;\u00e9s k\u00f6rny\u00e9ke. Ez a vil\u00e1g legkisebb ter\u00fclet\u0171&nbsp;magashegys\u00e9ge. Igazi alpesi k\u00f6rnyezet kit\u0171n\u0151en ki\u00e9p\u00edtett&nbsp;t\u00fara\u00fatvonalakkal ami ny\u00e1ron \u00e9s \u0151sszel n\u00e9pszer\u0171, de egyes szakaszai t\u00e9len is bej\u00e1rhat\u00f3k. Van itt minden a k\u00e9nyelmes erdei s\u00e9t\u00e1kt\u00f3l a nehezen megh\u00f3d\u00edthat\u00f3 cs\u00facsokig. A k\u00f6z\u00e9p-szlov\u00e1kiai hegyek kir\u00e1lya, a 2000 m f\u00f6l\u00e9 emelked\u0151&nbsp;Alacsony-T\u00e1tra&nbsp;fantasztikusan sz\u00e9p gerincei \u00e9s vadreg\u00e9nyes v\u00f6lgyei miatt n\u00e9pszer\u0171.<\/p>\n\n\n\n<p>\u00c9s akkor m\u00e9g ott van szem\u00e9lyes kedvenc helyem a&nbsp;Szlov\u00e1k Paradicsom&nbsp;(Slovensky Raj) ami tal\u00e1n az orsz\u00e1g egyik legn\u00e9pszer\u0171bb kir\u00e1ndul\u00f3helye. Ezt a fantasztikus helyet, a t\u00e9nyleg vadreg\u00e9nyes szurdokokat \u00fagy lehet bej\u00e1rni, hogy hossz\u00fa vasl\u00e9tr\u00e1kon m\u00e1szunk fel, l\u00e1nccal biztos\u00edtott \u00fatszakaszokon, dorongl\u00e9tr\u00e1kon, fapall\u00f3kon \u00e9s a sziklafalba r\u00f6gz\u00edtett f\u00e9mt\u00e1lc\u00e1kon haladunk felfel\u00e9.<\/p>\n\n\n\n<pre class=\"wp-block-preformatted\">Szlov\u00e1ki\u00e1ban \u00faj szolg\u00e1ltat\u00e1ssal pr\u00f3b\u00e1lj\u00e1k meg t\u00e1j\u00e9koztatni a turist\u00e1kat az orsz\u00e1gban tal\u00e1lhat\u00f3 turisztikai helysz\u00ednek l\u00e1togatotts\u00e1g\u00e1r\u00f3l. A \u201eTurista szemafor\u201d (Turistick\u00fd semafor) n\u00e9vre keresztelt fel\u00fcletet a K\u00f6rnyezetv\u00e9delmi Miniszt\u00e9rium az \u00c1llami Term\u00e9szetv\u00e9delmi \u00dcgyn\u00f6ks\u00e9ggel \u00e9s a Szlov\u00e1k K\u00f6rnyezetv\u00e9delmi \u00dcgyn\u00f6ks\u00e9ggel egy\u00fctt hozta l\u00e9tre. A jelz\u00e9srendszer egy egyszer\u0171 webhelyen \u00e9rhet\u0151 el: https:\/\/www.turistickysemafor.sk. Az oldalon a magyar\u00e1zaton k\u00edv\u00fcl egy t\u00e9rk\u00e9pet tal\u00e1lunk, ez lenne maga a jelz\u0151l\u00e1mpa, melyen jelenleg 230 turisztikai helysz\u00edn rajzol\u00f3dik ki.<br><br>A piros nem tilos, de...<br>A helysz\u00edneken, illetve az oda vezet\u0151 \u00fatvonalakon k\u00fcl\u00f6nb\u00f6z\u0151 sz\u00edn\u0171 figur\u00e1k t\u00e1j\u00e9koztatj\u00e1k a felhaszn\u00e1l\u00f3kat az aktu\u00e1lis forgalomr\u00f3l. A sz\u00ednek jelent\u00e9se az al\u00e1bbi:<br><br>Piros sz\u00edn: Jelenleg sok turista van ezen a helyen. Javasoljuk, hogy v\u00e1lasszon m\u00e1sik ter\u00fcletet.<br>Narancs sz\u00edn: Jelenleg nagyobb sz\u00e1m\u00fa turista mozog ezen a helysz\u00ednen. Gondolja \u00e1t, vagy v\u00e1lasszon m\u00e1sik helysz\u00ednt a term\u00e9szetben val\u00f3 tart\u00f3zkod\u00e1shoz.<br>Z\u00f6ld sz\u00edn: Ez a helysz\u00edn jelenleg \u00fcres, a l\u00e1togat\u00f3k sz\u00e1ma minim\u00e1lis. Kellemes tart\u00f3zkod\u00e1st k\u00edv\u00e1nunk a term\u00e9szetben.<\/pre>\n\n\n\n<figure class=\"wp-block-image size-full\"><img loading=\"lazy\" decoding=\"async\" width=\"969\" height=\"508\" src=\"https:\/\/pirosutak.hu\/wp-content\/uploads\/2026\/05\/CestaSNP-way2.png\" alt=\"\" class=\"wp-image-415\" srcset=\"https:\/\/pirosutak.hu\/wp-content\/uploads\/2026\/05\/CestaSNP-way2.png 969w, https:\/\/pirosutak.hu\/wp-content\/uploads\/2026\/05\/CestaSNP-way2-300x157.png 300w, https:\/\/pirosutak.hu\/wp-content\/uploads\/2026\/05\/CestaSNP-way2-768x403.png 768w\" sizes=\"auto, (max-width: 969px) 100vw, 969px\" \/><\/figure>\n\n\n\n<p>A turista magazin pedig azt k\u00e9rdezte, hogy vajon <strong>Hallott\u00e1l m\u00e1r Szlov\u00e1kia \u201ek\u00e9kt\u00far\u00e1j\u00e1r\u00f3l\u201d?<\/strong> Az orsz\u00e1got kelet-nyugati ir\u00e1nyban mintegy 760 kilom\u00e9ter hosszan \u00e1tszel\u0151, mind\u00f6sszesen 31.000 m\u00e9ter szintk\u00fcl\u00f6nbs\u00e9get letud\u00f3 \u00fatvonalat a szlov\u00e1k nemzeti felkel\u00e9sr\u0151l nevezt\u00e9k el. \u00c9s t\u00f6rt\u00e9netesen a szlov\u00e1kok k\u00e9k-t\u00far\u00e1ja \u00e9ppen PIROS. A cikket <a href=\"https:\/\/www.turistamagazin.hu\/hir\/hallottal-mar-szlovakia-legfontosabb-hosszu-tavu-turautvonalarol\">ITT<\/a> \u00e9rdemes elolvasni. Ezt most nem teszem fel a bakancslist\u00e1ra, mert egyr\u00e9szt sokkal jobban \u00e9rdekelnek a hazai t\u00e1jak, m\u00e1sr\u00e9szt messze is van, harmadr\u00e9szt ha egy-egy szakaszt be is j\u00e1rn\u00e9k, meg kell m\u00e9g tal\u00e1lnom azt, ami lapos. De biztos lesz id\u0151m egy kicsit n\u00e9zegetni a helyet, <a href=\"https:\/\/snptrail.com\/\" data-type=\"link\" data-id=\"https:\/\/snptrail.com\/\">IDE<\/a> kell kattintania annak, akit \u00e9rdekel.<\/p>\n\n\n\n<p>A Magyar Term\u00e9szetj\u00e1r\u00f3 Sz\u00f6vets\u00e9g szerint mind haz\u00e1nkban, mind Szlov\u00e1ki\u00e1ban orsz\u00e1gosan egys\u00e9ges rendszer szerint jelzik az utakat. A k\u00e9t rendszer sokban hasonl\u00edt egym\u00e1shoz, de vannak fontos k\u00fcl\u00f6nbs\u00e9gek is. Megjegyzend\u0151, hogy mindkett\u0151 Eur\u00f3pa legjobb turistajelz\u00e9s-rendszereihez tartozik. Ami elt\u00e9r pl, hogy Szlov\u00e1ki\u00e1ban a piros utak a legjelent\u0151sebbek, m\u00edg itthon a k\u00e9kek. De van az MTSZ oldal\u00e1n egy t\u00e1bl\u00e1zat is. amit lementettem ide is.<\/p>\n\n\n\n<figure class=\"wp-block-image size-full is-resized\"><img loading=\"lazy\" decoding=\"async\" width=\"687\" height=\"993\" src=\"https:\/\/pirosutak.hu\/wp-content\/uploads\/2026\/05\/MagyarSzlovak.jpeg\" alt=\"\" class=\"wp-image-416\" style=\"width:816px;height:auto\" srcset=\"https:\/\/pirosutak.hu\/wp-content\/uploads\/2026\/05\/MagyarSzlovak.jpeg 687w, https:\/\/pirosutak.hu\/wp-content\/uploads\/2026\/05\/MagyarSzlovak-208x300.jpeg 208w\" sizes=\"auto, (max-width: 687px) 100vw, 687px\" \/><\/figure>\n","protected":false},"excerpt":{"rendered":"<p>Szlov\u00e1kia&nbsp;els\u0151 sz\u00e1m\u00fa turisztikai r\u00e9gi\u00f3ja a&nbsp;Magas-T\u00e1tra&nbsp;\u00e9s k\u00f6rny\u00e9ke. Ez a vil\u00e1g legkisebb ter\u00fclet\u0171&nbsp;magashegys\u00e9ge. Igazi alpesi k\u00f6rnyezet kit\u0171n\u0151en ki\u00e9p\u00edtett&nbsp;t\u00fara\u00fatvonalakkal ami ny\u00e1ron \u00e9s \u0151sszel n\u00e9pszer\u0171, de egyes szakaszai t\u00e9len is bej\u00e1rhat\u00f3k. Van itt minden a k\u00e9nyelmes erdei s\u00e9t\u00e1kt\u00f3l a nehezen megh\u00f3d\u00edthat\u00f3 cs\u00facsokig. A k\u00f6z\u00e9p-szlov\u00e1kiai hegyek kir\u00e1lya, a 2000 m f\u00f6l\u00e9 emelked\u0151&nbsp;Alacsony-T\u00e1tra&nbsp;fantasztikusan sz\u00e9p gerincei \u00e9s&hellip; <\/p>\n","protected":false},"author":1,"featured_media":346,"parent":0,"menu_order":0,"comment_status":"closed","ping_status":"closed","template":"","meta":{"footnotes":""},"class_list":["post-345","page","type-page","status-publish","has-post-thumbnail","hentry"],"_links":{"self":[{"href":"https:\/\/pirosutak.hu\/index.php\/wp-json\/wp\/v2\/pages\/345","targetHints":{"allow":["GET"]}}],"collection":[{"href":"https:\/\/pirosutak.hu\/index.php\/wp-json\/wp\/v2\/pages"}],"about":[{"href":"https:\/\/pirosutak.hu\/index.php\/wp-json\/wp\/v2\/types\/page"}],"author":[{"embeddable":true,"href":"https:\/\/pirosutak.hu\/index.php\/wp-json\/wp\/v2\/users\/1"}],"replies":[{"embeddable":true,"href":"https:\/\/pirosutak.hu\/index.php\/wp-json\/wp\/v2\/comments?post=345"}],"version-history":[{"count":4,"href":"https:\/\/pirosutak.hu\/index.php\/wp-json\/wp\/v2\/pages\/345\/revisions"}],"predecessor-version":[{"id":420,"href":"https:\/\/pirosutak.hu\/index.php\/wp-json\/wp\/v2\/pages\/345\/revisions\/420"}],"wp:featuredmedia":[{"embeddable":true,"href":"https:\/\/pirosutak.hu\/index.php\/wp-json\/wp\/v2\/media\/346"}],"wp:attachment":[{"href":"https:\/\/pirosutak.hu\/index.php\/wp-json\/wp\/v2\/media?parent=345"}],"curies":[{"name":"wp","href":"https:\/\/api.w.org\/{rel}","templated":true}]}}