{"id":44,"date":"2026-05-07T19:26:52","date_gmt":"2026-05-07T19:26:52","guid":{"rendered":"https:\/\/pirosutak.hu\/?page_id=44"},"modified":"2026-05-09T07:24:01","modified_gmt":"2026-05-09T07:24:01","slug":"bakony-es-a-gerecse","status":"publish","type":"page","link":"https:\/\/pirosutak.hu\/index.php\/bakony-es-a-gerecse\/","title":{"rendered":"BAKONY \u00c9S GERECSE"},"content":{"rendered":"\n<p>A k\u00f6z\u00e9p-dun\u00e1nt\u00fali piros \u00fat a turista magazin aj\u00e1nl\u00e1sa alapj\u00e1n egy olyan v\u00e1ndor\u00fat, amely bebarangolja a var\u00e1zslatos Bakonyt, megmutatja a V\u00e9rtes egyedi \u00e9rt\u00e9keit, valamint felt\u00e1rja el\u0151tt\u00fcnk a Gerecse rejtett sz\u00e9ps\u00e9g\u00e9t.\u00a0A Magyar Term\u00e9szetj\u00e1r\u00f3 Sz\u00f6vets\u00e9g egy \u00f6sszef\u00fcgg\u0151 \u00fatvonalat hozott l\u00e9tre K\u00f6z\u00e9p-Dun\u00e1nt\u00fali Piros n\u00e9ven, hogy a t\u00fara\u00fatvonal bej\u00e1r\u00e1sa sor\u00e1n a r\u00e9sztvev\u0151k megismerj\u00e9k a K\u00f6z\u00e9p-Dun\u00e1nt\u00fali R\u00e9gi\u00f3t, a Bakony, a V\u00e9rtes \u00e9s a Gerecse kev\u00e9sb\u00e9 ismert t\u00e1jait, nevezetess\u00e9geit.<\/p>\n\n\n\n<p>A t\u00e1v \u00f6sszesen: 296 km, ebb\u0151l Veszpr\u00e9m megyei szakasz (Zirc &#8211; Baglyas-hegy) 111 km, Fej\u00e9r megyei szakasz (Baglyas-hegy &#8211; Tekert iharfa-tiszt\u00e1s; Sz\u00e1r &#8211; Somly\u00f3) 118 km, Kom\u00e1rom-Esztergom megyei szakasz (Oroszl\u00e1ny &#8211; Sz\u00e1r; Somly\u00f3 &#8211; Piszke v.m.) 67 km<\/p>\n\n\n\n<figure class=\"wp-block-table\"><table class=\"has-fixed-layout\"><tbody><tr><td>\u00datvonal<\/td><td>T\u00e1v (km)<\/td><\/tr><tr><td>Zirc &#8211; Cuha-v\u00f6lgy &#8211; Porva-Csesznek v\u00e1.<\/td><td>8<\/td><\/tr><tr><td>Porva-Csesznek v\u00e1. &#8211; Cuha-v\u00f6lgy &#8211; Vinye<\/td><td>6<\/td><\/tr><tr><td>Vinye &#8211; Feny\u0151f\u0151 DK &#8211; K\u0151ris-hegy<\/td><td>12<\/td><\/tr><tr><td>K\u0151ris-hegy &#8211; Boroszl\u00e1n tan\u00f6sv\u00e9ny &#8211; Gerence-v\u00f6lgy<\/td><td>7<\/td><\/tr><tr><td>Gerence-v\u00f6lgy &#8211; P\u00e1pav\u00e1r-alja<\/td><td>11<\/td><\/tr><tr><td>P\u00e1pav\u00e1r-alja &#8211; K\u00f6z\u00e9ps\u0151-Hajag &#8211; Augusztin tanya<\/td><td>11<\/td><\/tr><tr><td>Augusztin tanya &#8211; H\u00e1rsk\u00fat<\/td><td>7<\/td><\/tr><tr><td>H\u00e1rsk\u00fat &#8211; Papod &#8211; Mohos-k\u0151 &#8211; Epl\u00e9ny<\/td><td>14<\/td><\/tr><tr><td>Epl\u00e9ny &#8211; Malom-v\u00f6lgy &#8211; Als\u00f3pere<\/td><td>8<\/td><\/tr><tr><td>Als\u00f3pere &#8211; Sz\u00fanyog-v\u00f6lgy &#8211; \u00d6reg-Fut\u00f3n\u00e9<\/td><td>5<\/td><\/tr><tr><td>\u00d6reg-Fut\u00f3n\u00e9 &#8211; B\u00e1tork\u0151 &#8211; V\u00e1rv\u00f6lgy &#8211; V\u00e1rpalota<\/td><td>12<\/td><\/tr><tr><td>V\u00e1rpalota &#8211; Inota &#8211; Hideg-v\u00f6lgy &#8211; Baglyas-hegy<\/td><td>10<\/td><\/tr><tr><td>Baglyas-hegy &#8211; Cs\u00f3r \u00c9 &#8211; Iszkaszentgy\u00f6rgy<\/td><td>14<\/td><\/tr><tr><td>Iszkaszentgy\u00f6rgy -Feh\u00e9rv\u00e1rcsurg\u00f3i-v\u00edzt\u00e1rol\u00f3<\/td><td>9<\/td><\/tr><tr><td>Feh\u00e9rv\u00e1rcsurg\u00f3i-v\u00edzt\u00e1rol\u00f3 &#8211; Guttam\u00e1si &#8211; Isztim\u00e9r<\/td><td>8<\/td><\/tr><tr><td>Isztim\u00e9r &#8211; Burok-v\u00f6lgy &#8211; B\u00fckk\u00f6s-\u00e1rok &#8211; Hamuh\u00e1z<\/td><td>16<\/td><\/tr><tr><td>Hamuh\u00e1z &#8211; Kisgy\u00f3ni Term\u00e9szetbar\u00e1t Telep<\/td><td>6<\/td><\/tr><tr><td>Kisgy\u00f3ni Term\u00e9szetbar\u00e1t Telep &#8211; Mecs\u00e9rtelep<\/td><td>5<\/td><\/tr><tr><td>Mecs\u00e9rtelep &#8211; T\u00e1rnoki-erd\u0151 &#8211; M\u00f3r<\/td><td>12<\/td><\/tr><tr><td>M\u00f3r &#8211; Lipa-k\u00fati-v\u00f6lgy &#8211; Tekert-iharfa-tiszt\u00e1s<\/td><td>12<\/td><\/tr><tr><td>Tekert-iharfa-tiszt\u00e1s &#8211; Oroszl\u00e1ny<\/td><td>9<\/td><\/tr><tr><td>Oroszl\u00e1ny &#8211; Majkpuszta &#8211; V\u00e9rtessoml\u00f3<\/td><td>7<\/td><\/tr><tr><td>V\u00e9rtessoml\u00f3 &#8211; Zsemlyei-erd\u0151 &#8211; Sz\u00e9p Ilonka-forr\u00e1s<\/td><td>7<\/td><\/tr><tr><td>Sz\u00e9p Ilonka-forr\u00e1s &#8211; K\u00f6rtv\u00e9lyes alja &#8211; Sz\u00e1r v.m.<\/td><td>12<\/td><\/tr><tr><td>Sz\u00e1r v.m. &#8211; Zuppa &#8211; Nagyegyh\u00e1za &#8211; \u00d3barok<\/td><td>14<\/td><\/tr><tr><td>\u00d3barok &#8211; Dobog\u00f3 &#8211; Csabdi<\/td><td>8<\/td><\/tr><tr><td>Csabdi &#8211; Vaszt\u00e9ly D &#8211; T\u00fckr\u00f6spuszta &#8211; Somly\u00f3<\/td><td>14<\/td><\/tr><tr><td>Somly\u00f3 &#8211; Tarj\u00e1n<\/td><td>7<\/td><\/tr><tr><td>Tarj\u00e1n &#8211; H\u00e9reg<\/td><td>7<\/td><\/tr><tr><td>H\u00e9reg &#8211; Kir\u00e1ly-k\u00fat &#8211; Kis Gerecse K &#8211; Pusztamar\u00f3t<\/td><td>8<\/td><\/tr><tr><td>Pusztamar\u00f3t &#8211; Domoszl\u00f3 &#8211; Sz\u00e1god\u00f3 &#8211; Piszke v.m.<\/td><td>10<\/td><\/tr><\/tbody><\/table><\/figure>\n\n\n\n<p><\/p>\n","protected":false},"excerpt":{"rendered":"<p>A Magyar Term\u00e9szetj\u00e1r\u00f3 Sz\u00f6vets\u00e9g egy \u00f6sszef\u00fcgg\u0151 \u00fatvonalat hozott l\u00e9tre K\u00f6z\u00e9p-Dun\u00e1nt\u00fali Piros n\u00e9ven, hogy a t\u00fara\u00fatvonal bej\u00e1r\u00e1sa sor\u00e1n a r\u00e9sztvev\u0151k megismerj\u00e9k a Bakony, a V\u00e9rtes \u00e9s a Gerecse kev\u00e9sb\u00e9 ismert t\u00e1jait, nevezetess\u00e9geit. Az \u00f6sszt\u00e1v majdnem 300 km<\/p>\n","protected":false},"author":1,"featured_media":76,"parent":0,"menu_order":0,"comment_status":"closed","ping_status":"closed","template":"","meta":{"footnotes":""},"class_list":["post-44","page","type-page","status-publish","has-post-thumbnail","hentry"],"_links":{"self":[{"href":"https:\/\/pirosutak.hu\/index.php\/wp-json\/wp\/v2\/pages\/44","targetHints":{"allow":["GET"]}}],"collection":[{"href":"https:\/\/pirosutak.hu\/index.php\/wp-json\/wp\/v2\/pages"}],"about":[{"href":"https:\/\/pirosutak.hu\/index.php\/wp-json\/wp\/v2\/types\/page"}],"author":[{"embeddable":true,"href":"https:\/\/pirosutak.hu\/index.php\/wp-json\/wp\/v2\/users\/1"}],"replies":[{"embeddable":true,"href":"https:\/\/pirosutak.hu\/index.php\/wp-json\/wp\/v2\/comments?post=44"}],"version-history":[{"count":3,"href":"https:\/\/pirosutak.hu\/index.php\/wp-json\/wp\/v2\/pages\/44\/revisions"}],"predecessor-version":[{"id":83,"href":"https:\/\/pirosutak.hu\/index.php\/wp-json\/wp\/v2\/pages\/44\/revisions\/83"}],"wp:featuredmedia":[{"embeddable":true,"href":"https:\/\/pirosutak.hu\/index.php\/wp-json\/wp\/v2\/media\/76"}],"wp:attachment":[{"href":"https:\/\/pirosutak.hu\/index.php\/wp-json\/wp\/v2\/media?parent=44"}],"curies":[{"name":"wp","href":"https:\/\/api.w.org\/{rel}","templated":true}]}}