{"id":48,"date":"2026-05-07T19:30:35","date_gmt":"2026-05-07T19:30:35","guid":{"rendered":"https:\/\/pirosutak.hu\/?page_id=48"},"modified":"2026-05-09T06:43:29","modified_gmt":"2026-05-09T06:43:29","slug":"hazai-tajakon","status":"publish","type":"page","link":"https:\/\/pirosutak.hu\/index.php\/hazai-tajakon\/","title":{"rendered":"HAZAI T\u00c1JAKON"},"content":{"rendered":"\n<ul class=\"wp-block-list\">\n<li><strong>Pest Megyei Piros:&nbsp;<\/strong>A B\u00f6rzs\u00f6nyt\u0151l az Alf\u00f6ldig, a Pest megyei t\u00e1jakon kereszt\u00fcl vezet\u0151 t\u00fara\u00fatvonal.<\/li>\n\n\n\n<li><strong>Piros utak a Pilisben<\/strong>\n<ul class=\"wp-block-list\">\n<li><strong>Esz<\/strong>tergom, v\u00e1. \u2013 Piliscs\u00e9v, v\u00e1. (34 km)<\/li>\n\n\n\n<li>D\u00f6m\u00f6sr\u0151l a Pr\u00e9dik\u00e1l\u00f3sz\u00e9kre (12 km)<\/li>\n<\/ul>\n<\/li>\n\n\n\n<li><strong>Koh\u00e1szok \u00datja <\/strong>(piros jelz\u00e9ssel a B\u00fckkben):&nbsp;A B\u00fckk \u00e9s a Karancs-Medves vid\u00e9k\u00e9t \u00f6sszek\u00f6t\u0151 t\u00f6rt\u00e9nelmi \u00fatvonal.&nbsp;<\/li>\n\n\n\n<li>A M\u00e1tra piros \u00fatvonalai: \n<ul class=\"wp-block-list\">\n<li>Gask\u00f3-r\u00e9t &#8211; Gy\u00f6ngy\u00f6ssolymos (8.4 km)<\/li>\n\n\n\n<li>Piszk\u00e9s-tet\u0151i csillagvizsg\u00e1l\u00f3 &#8211; Galyatet\u0151 (2.5 km)<\/li>\n\n\n\n<li>M\u00e1trah\u00e1za &#8211; Somor v\u00f6lgy &#8211; Nagy nyak (2.4 km)<\/li>\n\n\n\n<li>Par\u00e1dsasv\u00e1r &#8211; M\u00e1tra-nyereg &#8211; M\u00e1trah\u00e1z<\/li>\n<\/ul>\n<\/li>\n\n\n\n<li><strong>Szolnok t\u00e9rs\u00e9ge<\/strong> Szolnok, Kertv\u00e1ros \u2013 Tiszapart \u2013 R\u00e1k\u00f3czifalva (15,7 km)<\/li>\n\n\n\n<li><strong>Az Alf\u00f6ld piros \u00fatjai<\/strong>\n<ul class=\"wp-block-list\">\n<li>Baja \u2013 Sugovica-part \u2013 Vodica \u2013 B\u00e1tmonostor, Ferenc-t\u00e1pcsatorna (20 km)<\/li>\n\n\n\n<li>Kiskuns\u00e1gi piros<strong>&nbsp;<\/strong>B\u00e1cs Kiskun megy\u00e9ben (90 km)<\/li>\n\n\n\n<li>Kiskun\u00e1sgi piros Csongr\u00e1d megy\u00e9ben (40 km)<\/li>\n<\/ul>\n<\/li>\n<\/ul>\n\n\n\n<p><strong>A D\u00e9l-dun\u00e1nt\u00fali Piros T\u00fara (DDP):\u00a0A Dun\u00e1nt\u00fal d\u00e9li r\u00e9sz\u00e9n, a Mecsek \u00e9s a Somogyi-dombs\u00e1g t\u00e1jain \u00e1thalad\u00f3 jelent\u0151s \u00fatvonal, amely a Mecsek v\u00e1ltozatos \u00e9rt\u00e9keit \u00e9s a l\u00f6szh\u00e1tait mutatja be<\/strong> <strong>318 km-en kereszt\u00fcl.<\/strong><\/p>\n\n\n\n<ul class=\"wp-block-list\">\n<li>1. szakasz:Szeksz\u00e1rd, aut\u00f3busz\u00e1llom\u00e1sB\u00fckk\u00f6s-erd\u0151 DDK-DDP keresztez\u0151d\u00e9s (8.9 km)<\/li>\n\n\n\n<li>2. szakasz:B\u00fckk\u00f6s-erd\u0151 DDK-DDP keresztez\u0151d\u00e9s &#8211; Sz\u00e1lka, Horog cs\u00e1rda (6.9 km)<\/li>\n\n\n\n<li>3. szakasz:Sz\u00e1lka, Horog cs\u00e1rda &#8211; M\u0151cs\u00e9ny, vas\u00fati meg\u00e1ll\u00f3 (5.2 km)<\/li>\n\n\n\n<li>4. szakasz:M\u0151cs\u00e9ny, vas\u00fati meg\u00e1ll\u00f3 &#8211; \u00d3falu, Aranyv\u00f6lgy pressz\u00f3 (9.2 km)<\/li>\n\n\n\n<li>5. szakasz:\u00d3falu, Aranyv\u00f6lgy pressz\u00f3 (- Mecsekn\u00e1dasd, Schlossberg vend. (8.3 km)<\/li>\n\n\n\n<li>6. szakasz:Mecsekn\u00e1dasd, Schlossberg vend. &#8211; P\u00e1sztor-forr\u00e1s ( ) (10.2)<\/li>\n\n\n\n<li>7. szakasz:P\u00e1sztor-forr\u00e1s &#8211; M\u00e1r\u00e9-v\u00e1r (3.8 km)<\/li>\n\n\n\n<li>8. szakasz:M\u00e1r\u00e9-v\u00e1r- Mecsekj\u00e1nosi, Tacsi \u00e9telb\u00e1r (Koml\u00f3) (9.7 km)<\/li>\n\n\n\n<li>9. szakasz:Mecsekj\u00e1nosi, Tacsi \u00e9telb\u00e1r &#8211; D\u00f3czy Malom (Ciframalom) (8.9 km)<\/li>\n\n\n\n<li>10. szakasz:D\u00f3czy Malom (Ciframalom) &#8211; P\u00e9cs, \u00c1llatkert (P\u00e9cs) (9 km)<\/li>\n\n\n\n<li>11. szakasz:P\u00e9cs, \u00c1llatkert (P\u00e9cs) &#8211; Szentk\u00fati eh., Mecsekszentk\u00fat (7.4 km)<\/li>\n\n\n\n<li>12. szakasz:Szentk\u00fati eh., Mecsekszentk\u00fat &#8211; Pet\u0151czpuszta, volt l\u00e9gakna (7.7 km)<\/li>\n\n\n\n<li>113. szakasz:Pet\u0151czpuszta, volt l\u00e9gakna &#8211; B\u00fckk\u00f6sd, vas\u00fat\u00e1llom\u00e1s (7.5 km)<\/li>\n\n\n\n<li>14. szakasz:B\u00fckk\u00f6sd, vas\u00fat\u00e1llom\u00e1s &#8211; Terecseny, Zr\u00ednyi kulcsosh\u00e1z (24.4 km)<\/li>\n\n\n\n<li>15. szakasz:Terecseny, Zr\u00ednyi kulcsosh\u00e1z &#8211; Kisb\u0151sz\u00e9nfa, Ker\u00e9kk\u00f6t\u0151 Cs\u00e1rda (6.3 km)<\/li>\n\n\n\n<li>16. szakasz:Kisb\u0151sz\u00e9nfa, Ker\u00e9kk\u00f6t\u0151 Cs\u00e1rda &#8211; Ropolypuszta, eml\u00e9kt\u00e1bla (9.6 km)<\/li>\n\n\n\n<li>17. szakasz:Ropolypuszta, eml\u00e9kt\u00e1bla &#8211; T\u00f6r\u00f6cske, vegyesbolt (8.8 km)<\/li>\n\n\n\n<li>18. szakasz:T\u00f6r\u00f6cske, vegyesbolt &#8211; Kaposv\u00e1r, vas\u00fat\u00e1llom\u00e1s (Kaposv\u00e1r) (9.3 km)<\/li>\n\n\n\n<li>19. szakasz:Kaposv\u00e1r, vas\u00fat\u00e1llom\u00e1s (Kaposv\u00e1r) Deseda v\u00edzisporttelep (10.2 k m)<\/li>\n\n\n\n<li>20.  szakasz:Deseda v\u00edzisporttelep ( ) (0)Magyaregres (Magyaregres) (10.7 km)<\/li>\n\n\n\n<li>21. szakasz:Somogygeszti, pressz\u00f3 &#8211; Fels\u0151mocsol\u00e1d, v.m. (6.2 km)<\/li>\n\n\n\n<li>22. szakasz:Fels\u0151mocsol\u00e1d, v.m. &#8211; Igal (18.7 km)<\/li>\n\n\n\n<li>23. szakasz:Igal &#8211; Somogyd\u00f6r\u00f6cske (16.2 km)<\/li>\n\n\n\n<li>24. szakasz:Somogyd\u00f6r\u00f6cske &#8211; Szorosad (11.3 km)<\/li>\n\n\n\n<li>25. szakasz:Szorosad &#8211; )Zics, vegyesbolt (11 km)<\/li>\n\n\n\n<li>26. szakasz:Zics, vegyesbolt (- Andocs, m\u0171eml\u00e9ktemplom (5 km)<\/li>\n\n\n\n<li>27. szakasz:Andocs, m\u0171eml\u00e9ktemplom &#8211; Kapoly, vegyesbolt (12.6 km)<\/li>\n\n\n\n<li>28. szakasz:Kapoly, vegyesbolt &#8211; )Zala, Zichy m\u00fazeum (6.4 km)<\/li>\n\n\n\n<li>29. szakasz:Zala, Zichy m\u00fazeum &#8211; Tab, gal\u00e9ria (4 km)<\/li>\n\n\n\n<li>30. szakasz:Tab, gal\u00e9ria &#8211; B\u00e1bonymegyer (B\u00e1bonymegyer) (11.2 km)<\/li>\n\n\n\n<li>31. szakasz:B\u00e1bonymegyer &#8211; Ali-r\u00e9t, erd\u00e9szh\u00e1z (11 km)<\/li>\n\n\n\n<li>32. szakasz:Ali-r\u00e9t, erd\u00e9szh\u00e1z &#8211; Si\u00f3fok, v\u00edztorony (15.9 km)<\/li>\n<\/ul>\n\n\n\n<ol class=\"wp-block-list\"><\/ol>\n\n\n\n<p><strong>A Szent Ferenc K\u00f3rh\u00e1z \u00e9s Sz\u00e9pjuh\u00e1szn\u00e9 k\u00f6z\u00f6tt tal\u00e1lhat\u00f3 \u201eSz\u00edv \u00fatja\u201d\u00a0egy speci\u00e1lis\u00a0kardiotan\u00f6sv\u00e9ny, amelyet a sz\u00edv- \u00e9s \u00e9rrendszeri betegek rehabilit\u00e1ci\u00f3j\u00e1ra, valamint az eg\u00e9szs\u00e9gmeg\u0151rz\u0151 t\u00far\u00e1z\u00e1sra hoztak l\u00e9tre, de ehhez hasonl\u00f3 van az orsz\u00e1gban t\u00f6bb helyen is<\/strong><\/p>\n\n\n\n<ul class=\"wp-block-list\">\n<li>Budapest (H\u00e1rs-hegy):&nbsp;A Budapesti Szent Ferenc K\u00f3rh\u00e1z alak\u00edtotta ki a&nbsp;piros sz\u00edv&nbsp;jelz\u00e9ssel ell\u00e1tott, kb. 5 km-es k\u00f6rt\u00far\u00e1t, amely a Kis- \u00e9s Nagy-H\u00e1rs-hegyet ker\u00fcli meg. Ez a tan\u00f6sv\u00e9ny a k\u00f3rh\u00e1z k\u00f6zel\u00e9ben tal\u00e1lhat\u00f3, \u00e9s b\u00e1rki sz\u00e1m\u00e1ra el\u00e9rhet\u0151.<\/li>\n\n\n\n<li>\u0150rs\u00e9g (Szalaf\u0151):&nbsp;A Sz\u00edvek \u00fatja az \u0150rs\u00e9gben egy 12 km-es gyalogos t\u00fara\u00fatvonal, amely a \u0150rs\u00e9gi Nemzeti Parkban, Szalaf\u0151 szeres telep\u00fcl\u00e9sszerkezet\u00e9t mutatja be, \u00e9rintve a K\u00f6mpe szeme kil\u00e1t\u00f3t \u00e9s Pityerszert.<\/li>\n\n\n\n<li>G\u00f6m\u00f6r (Sz\u00edv \u00fatjai):&nbsp;A G\u00f6m\u00f6r sz\u00edve a Sz\u00edv \u00fatjai egy hosszabb zar\u00e1ndok\u00fat, amely 7 telep\u00fcl\u00e9st k\u00f6t \u00f6ssze Putnok \u00e9s Rag\u00e1ly k\u00f6z\u00f6tt, a fenntarthat\u00f3s\u00e1gra \u00e9s a term\u00e9szettel val\u00f3 kapcsolatra f\u00f3kusz\u00e1lva.<\/li>\n\n\n\n<li>Farkas-erd\u0151 (Vasi-Hegyh\u00e1t):&nbsp;A Farkas-erd\u0151ben is kialak\u00edtottak egy sz\u00edvbar\u00e1t tan\u00f6sv\u00e9nyt sz\u00edv- \u00e9s cukorbetegek sz\u00e1m\u00e1ra.<\/li>\n\n\n\n<li>Miskolc-Csanyik-v\u00f6lgy:&nbsp;A Csanyik-v\u00f6lgyi tan\u00f6sv\u00e9ny szint\u00e9n egy rehabilit\u00e1ci\u00f3s c\u00e9l\u00fa \u00fatvonal.<\/li>\n<\/ul>\n","protected":false},"excerpt":{"rendered":"<p>Haz\u00e1nkban sok olyan piros \u00fat van, ami n\u00e9h\u00e1ny \u00f3ra uatz\u00e1ssal k\u00f6nnyed\u00e9n  megk\u00f6zel\u00edthet\u0151. Itt azokat gy\u0171jt\u00f6tt\u00f3k \u00f6ssze, amit mi is fel szeretn\u00e9nk keresni.<\/p>\n","protected":false},"author":1,"featured_media":70,"parent":0,"menu_order":0,"comment_status":"closed","ping_status":"closed","template":"","meta":{"footnotes":""},"class_list":["post-48","page","type-page","status-publish","has-post-thumbnail","hentry"],"_links":{"self":[{"href":"https:\/\/pirosutak.hu\/index.php\/wp-json\/wp\/v2\/pages\/48","targetHints":{"allow":["GET"]}}],"collection":[{"href":"https:\/\/pirosutak.hu\/index.php\/wp-json\/wp\/v2\/pages"}],"about":[{"href":"https:\/\/pirosutak.hu\/index.php\/wp-json\/wp\/v2\/types\/page"}],"author":[{"embeddable":true,"href":"https:\/\/pirosutak.hu\/index.php\/wp-json\/wp\/v2\/users\/1"}],"replies":[{"embeddable":true,"href":"https:\/\/pirosutak.hu\/index.php\/wp-json\/wp\/v2\/comments?post=48"}],"version-history":[{"count":5,"href":"https:\/\/pirosutak.hu\/index.php\/wp-json\/wp\/v2\/pages\/48\/revisions"}],"predecessor-version":[{"id":75,"href":"https:\/\/pirosutak.hu\/index.php\/wp-json\/wp\/v2\/pages\/48\/revisions\/75"}],"wp:featuredmedia":[{"embeddable":true,"href":"https:\/\/pirosutak.hu\/index.php\/wp-json\/wp\/v2\/media\/70"}],"wp:attachment":[{"href":"https:\/\/pirosutak.hu\/index.php\/wp-json\/wp\/v2\/media?parent=48"}],"curies":[{"name":"wp","href":"https:\/\/api.w.org\/{rel}","templated":true}]}}