{"id":96,"date":"2026-05-09T09:32:40","date_gmt":"2026-05-09T09:32:40","guid":{"rendered":"https:\/\/pirosutak.hu\/?page_id=96"},"modified":"2026-05-13T18:14:43","modified_gmt":"2026-05-13T18:14:43","slug":"az-en-tortenetem","status":"publish","type":"page","link":"https:\/\/pirosutak.hu\/index.php\/az-en-tortenetem\/","title":{"rendered":"AZ \u00c9N T\u00d6RT\u00c9NETEM"},"content":{"rendered":"\n<p>M\u00e9g nem voltam 50 \u00e9ves, amikor h\u00e1zorvosom lett, addig nem tudtam, mi az a betegs\u00e9g. Azt\u00e1n 2025 nyar\u00e1n egy furcsa balesetem volt. Kedvenc kalandparkomban a t\u00f3 f\u00f6l\u00f6tti \u00e1tcs\u00fasz\u00e1sn\u00e1l beforgatott a sz\u00e9l. \u00c9n rosszul korrig\u00e1ltam, \u00e9s nem meg\u00e9rkeztem, hanem &#8211; ha nem is t\u00fal nagy sebess\u00e9ggel &#8211; de becsap\u00f3dtam a f\u00e1ba. Azonnal tudtam, hogy nagy a baj. Ment\u0151t h\u00edvtak, p\u00e1r \u00f3r\u00e1val k\u00e9s\u0151bb pedg az ajkai k\u00f3rh\u00e1zban m\u00e1r h\u00e1rom csavar volt a l\u00e1bamban. A klasszikus nyugd\u00edjas baleset \u00e9rt utol: elt\u00f6rt a combcsontom, ezt kellett azonnal megoper\u00e1lni.<\/p>\n\n\n\n<p>Lassan ment a fel\u00e9p\u00fcl\u00e9s, sok\u00e1ig j\u00e1rtam mank\u00f3val, de az\u00e9rt sz\u00e1moltam a napokat. Az els\u0151, amit megtanultam, hogy hogyan adjam be magamnak a v\u00e9rhig\u00edt\u00f3t. A 0.8-as Clexane-t \u00edrt\u00e1k fel nekem, \u00edgy naponta k\u00e9tszer sz\u00fartam hasba magam &#8211; aki j\u00e1rt m\u00e1r \u00edgy, tudja, hogy az ember tele lesz lila foltokkal. M\u00e1r t\u00fal voltam az els\u0151 kontroll vizsg\u00e1latokon &#8211; a l\u00e1bam sz\u00e9pen gy\u00f3gyult &#8211; amikor \u00fajra be kellett mennem a k\u00f3rh\u00e1zba, mert egy r\u00f6vid ideig kett\u0151s l\u00e1t\u00e1som volt. Ott der\u00fclt ki, hogy stroke-om van &#8211; \u00edgy befektettek a neurol\u00f3gi\u00e1ra. Nem maradtam ott sok\u00e1ig, mert az egyik f\u0151orvosi vizitn\u00e9l az egyik orvos kisz\u00farta, hogy furcs\u00e1n be van dagadva a l\u00e1bam. Ekkor vittek \u00e1t m\u00e9lyv\u00e9n\u00e1s tromb\u00f3zis miatt az angiol\u00f3gi\u00e1ra.<\/p>\n\n\n\n<p>Szerencs\u00e9re p\u00e1r h\u00e9t ut\u00e1n hazaengedtek. A k\u00f6vetkez\u0151 h\u00e9tf\u0151n viszont m\u00e1r \u00fajra a s\u00fcrg\u0151ss\u00e9gin voltam. \u00dagy kalap\u00e1lt a sz\u00edvem, mint kor\u00e1bban m\u00e9g soha. Ekkor diagnosztiz\u00e1lt\u00e1k a m\u00e1sodik stroke-ot. A kardiol\u00f3gi\u00e1n is alaposan megvizsg\u00e1ltak, m\u00e9g egy kat\u00e9teres m\u0171t\u00e9ti beavatkoz\u00e1sra is sor ker\u00fclt, hogy megtiszt\u00edts\u00e1k az ereimet, \u00e9s kezelj\u00e9k az enyhe sz\u00edvritmuszavart. Ezut\u00e1n vittek vissza a neurol\u00f3gi\u00e1ra.<\/p>\n\n\n\n<p>M\u00e1ig mes\u00e9lem: az egyik legjobban \u00e1tvizsg\u00e1lt beteg voltam a gy\u0151ri k\u00f3rh\u00e1zban. Az \u00e1lland\u00f3 v\u00e9rv\u00e9telek mellett koponya MR \u00e9s CT vizsg\u00e1latok k\u00f6vetkeztek, s\u0151t, a kardiol\u00f3gusok m\u00e9g elk\u00fcldtek egy nyel\u0151cs\u0151n kereszt\u00fcli ultrahang vizsg\u00e1latra is, hogy kider\u00fclj\u00f6n van-e lyuk a sz\u00edvemen. Szerencs\u00e9re kidef\u00fclt, hogy nincs.<\/p>\n\n\n\n<p>Az orvosok azt kerest\u00e9k, hogy mit\u0151l kezdtek a domin\u00f3k sz\u00e9pen sorban feld\u0151lni a szervezetemben. Hamarosan meg is lett az oka. Sz\u00f6vetmint\u00e1t vettek a m\u00e1jamb\u00f3l, ami sor\u00e1n feket\u00e9n-feh\u00e9ren kider\u00fclt: a lavin\u00e1t az emberis\u00e9g legnagyobb ellens\u00e9ge, a r\u00e1k ind\u00edtotta el. A m\u00e1jam mellett a t\u00fcd\u0151mben, a csontokon \u00e9s az agyamban is tal\u00e1ltak \u00e1tt\u00e9teket, ami \u00edgy els\u0151re el\u00e9g ijeszt\u0151nek hangzott.<\/p>\n\n\n\n<p>Szinte biztos, hogy a l\u00e1bam is ez\u00e9rt t\u00f6rt el j\u00fanius elej\u00e9n &#8211; annak idej\u00e9n furcs\u00e1llott\u00e1k is az orvosok, hogy ennyi id\u0151sen nem szokott a test leger\u0151sebb csontja csak \u00fagy elt\u00f6rni.<\/p>\n\n\n\n<p>A csal\u00e1domt\u00f3l, koll\u00e9g\u00e1imt\u00f3l, bar\u00e1taimt\u00f3l \u00e9s persze az orvosokt\u00f3l, a n\u0151v\u00e9rekt\u0151l minden seg\u00edts\u00e9get megkaptam, \u00edgy n\u00e9h\u00e1ny tov\u00e1bbi vizsg\u00e1lat &#8211; pl. csontizot\u00f3p vizsg\u00e1lat &#8211; v\u00e1rt m\u00e9g r\u00e1m, de okt\u00f3ber elej\u00e9n elkezd\u0151dhetett a ter\u00e1pia. Ekkor m\u00e1r elhagyhattam a k\u00f3rh\u00e1zat, csak a vizsg\u00e1latokra \u00e9s a kontrollokra kellett mindig visszamennem. Napk\u00f6zben alig ettem valamit, pedig pr\u00f3b\u00e1lt\u00e1k bel\u00e9m tukm\u00e1lni a legfinomabb falatokat, de valahogy sehogy nem k\u00edv\u00e1ntam az \u00e9telt. Ennek az lett a k\u00f6vetkezm\u00e9nye, hogy 15 kg-ot fogytam. <\/p>\n\n\n\n<p>Szerencs\u00e9re j\u00f3 alkat vagyok, \u00e9s nem t\u00e9pel\u0151dtem az\u00e9rt, hogy hogyan lehetek t\u00fcd\u0151r\u00e1kos, ha m\u00e9g doh\u00e1nyosok k\u00f6r\u00e9ben se mozgok, \u00e9s hogyan lehet m\u00e1jr\u00e1kom, hiszen csak egy korty alkoholt ittam \u00e9letemben &#8211; 1998. augusztus\u00e1ban, amikor az ETO 4-2-re nyert az MTK otthon\u00e1ban, Reszeli mester h\u00edvott meg egy Ouzora, interj\u00fak\u00e9sz\u00edt\u00e9s k\u00f6zben.<\/p>\n\n\n\n<p>Gy\u0151rben egy \u00fagynevezett Onko Team seg\u00edti a betegek gy\u00f3gyul\u00e1s\u00e1t. Minden beteghez rendelnek egy-egy csapatot, ahol k\u00fcl\u00f6nb\u00f6z\u0151 szakter\u00fclet\u0171 orvosok vitatj\u00e1k meg a gy\u00f3gyul\u00e1s menet\u00e9t. Havonta mindig van egy konzult\u00e1ci\u00f3, sz\u00e1momra itt der\u00fclt ki, hogy a nemdoh\u00e1nyz\u00f3k t\u00fcd\u0151r\u00e1kj\u00e1val kell, hogy kezeljenek, ami azt is jelenti, hogy a sugaraz\u00e1s \u00e9s a klasszikus kemoter\u00e1pia helyett tablett\u00e1kat kapok, amit naponta egyszer kellett beszednem. Merthogy ebben a speci\u00e1lis esetben m\u00e1r itt is tart az orvostudom\u00e1ny.<\/p>\n\n\n\n<p>M\u00e9gis eml\u00e9kszem a napra &#8211; november 8-a volt &#8211; \u00e9ppen 5 h\u00f3nappal voltam a baleset ut\u00e1n &#8211; amikor elhagyhattam a f\u00e1jdalomcsillap\u00edt\u00f3k szed\u00e9s\u00e9t. Ett\u0151l a napt\u00f3l egyre jobb lett az \u00e9tv\u00e1gyam is. Am\u00edg el\u0151tte f\u00e9l zseml\u00e9ket fogyasztottam, onnant\u00f3l a napi 3-4 lecs\u00faszott m\u00e9g az eb\u00e9d el\u0151tt.<\/p>\n\n\n\n<p>A traumatol\u00f3gusok m\u00e1r arr\u00f3l konzult\u00e1ltak, hogy b\u00e1r j\u00f3l siker\u00fclt a m\u0171t\u00e9t &#8211; lehet ki kellene venni az egyik szegecset &#8211; ezt mostanra elvetett\u00e9k. December v\u00e9g\u00e9ig \u00edgy semmi k\u00fcl\u00f6n\u00f6s nem t\u00f6rt\u00e9nt. \u00c9n sz\u00e9pen szedtem a gy\u00f3gyszereket, \u00e9s v\u00e1rtam, hogy azok teszik a dolgukat. <\/p>\n\n\n\n<p>Azt\u00e1n janu\u00e1r elej\u00e9n j\u00f3 h\u00edrt kaptam. Negat\u00edv lett a trombofilia vizsg\u00e1latom, ami azt eredm\u00e9nyezte, hogy az injekci\u00f3k helyett \u00e1t\u00e1llhattam a tablett\u00e1s orvoss\u00e1gra. Hat h\u00f3nap sz\u00far\u00e1s ut\u00e1n v\u00e9gre a hasam is fell\u00e9legezhet.<\/p>\n\n\n\n<p>Decemberben volt p\u00e1r nagyobb t\u00far\u00e1nk, ami j\u00f3l siker\u00fcltek, pedig Bakonyb\u00e9lben a Gyilkos-t\u00f3hoz \u00fagy ment\u00fcnk el, hogy majdnem 20 cm-es h\u00f3ban kellett megtenn\u00fcnk az utat. <\/p>\n\n\n\n<p>Janu\u00e1rban tudatosan elkezdtem egy \u00e9letm\u00f3dv\u00e1lt\u00e1st, ami az\u00e9rt nem volt t\u00fal drasztikus, de hittem abban, hogy az apr\u00f3 l\u00e9p\u00e9sek seg\u00edthetnek. Ilyenek voltak benne, hogy naponta szobabicikliztem \u00e9s v\u00e9geztem gy\u00f3gytorn\u00e1s gyakorlatokat. Megfogadtam, hogy csak akkor iszom coca-col\u00e1t \u00e9s eszem csokol\u00e1d\u00e9t, ha a bar\u00e1taim megk\u00edn\u00e1lnak, \u00e9s m\u00e9g n\u00e9h\u00e1ny apr\u00f3s\u00e1g volt, ami sz\u00e1momra fontosnak t\u0171nt.<\/p>\n\n\n\n<p>Febru\u00e1rban voltam angiol\u00f3giai vizsg\u00e1laton, ahol kider\u00fclt, hogy a l\u00e1bamban l\u00e9v\u0151 v\u00e9rr\u00f6g m\u00e9g nem teljesen old\u00f3dott fel, \u00edgy az is egy\u00e9rtelm\u0171 lett, hogy a kompresszi\u00f3s harisny\u00e1t m\u00e9g hordanom kell legal\u00e1bb egy \u00e9vig. T\u00f6bb orvossal is besz\u00e9ltem \u00e9s egy\u00f6ntet\u0171en azt mondt\u00e1k, hogy utazhatunk, \u00edgy befizett\u00fcnk \u00e1prilisra egy n\u00e9gy napos m\u00e1ltai \u00fatra, mert m\u00e1r r\u00e9g\u00f3ta szerett\u00fcnk volna eljutni ide. \u00dajra vissza mehettem dolgozni &#8211; b\u00e1r a nyolc \u00f3r\u00e1t egyszer sem t\u00f6l\u00f6ttem ki, napi 4-5 \u00f3ra volt amit re\u00e1lisnak \u00e9s j\u00f3nak gondoltunk mindannyian.<\/p>\n\n\n\n<p>Minden sz\u00e9pen \u00e9s j\u00f3l alakult eg\u00e9szen m\u00e1rcius v\u00e9g\u00e9ig. Ekkor egy h\u00e9tk\u00f6znap \u00e9ppen aut\u00f3ztam be a munkahelyemre, amikor aut\u00f3balesetet szenvedtem. \u00c1tmentem egy piros l\u00e1mp\u00e1n \u00e9s telibe tal\u00e1ltam a keresztbe j\u00f6v\u0151 aut\u00f3t &#8211; szerencs\u00e9re senki nem s\u00e9r\u00fclt meg. M\u00e1ig nem tudom megmagyar\u00e1zni, hogy t\u00f6rt\u00e9nhetett ez a kihagy\u00e1s &#8211; az\u00f3ta \u00fagy k\u00f6zlekedek, mint a termin\u00e1tor: mindent mondok magamban, hogy mit l\u00e1tok, hogy m\u00e9g egyszer ez ne fordulhasson el\u0151. Az orvosokkal azt besz\u00e9lt\u00fck, am\u00edg nem lesz \u00fajabb koponya MR vizsg\u00e1latom, addig csak utask\u00e9nt \u00fcl\u00f6k majd aut\u00f3ba.<\/p>\n\n\n\n<p>\u00c1prilisban elutaztunk M\u00e1lt\u00e1ra, amit m\u00e1r nagyon v\u00e1rtunk. Azt\u00e1n b\u00e1rcsak ne tett\u00fck volna. Az els\u0151 este amikor elment\u00fcnk s\u00e9t\u00e1lni, a k\u00f6zeli buszmeg\u00e1ll\u00f3ig jutottunk csak el. Iszonyatosan nyomott a mellkasom, \u00c9vinek ment\u0151t kellett h\u00edvni. F\u00e9l \u00f3r\u00e1val k\u00e9s\u0151bb m\u00e1r a k\u00f3rh\u00e1zban voltam, ahol egy kardiol\u00f3gus mondta, hogy sz\u00edvrohamom van, \u00edgy egy kat\u00e9teres beavatkoz\u00e1sra lesz sz\u00fcks\u00e9g. H\u00fasz perccel k\u00e9s\u0151bb m\u00e1r arr\u00f3l t\u00e1j\u00e9koztattak, hogy egy stentet kaptam.<\/p>\n\n\n\n<p>M\u00e1lt\u00e1n a Mater Dei K\u00f3rh\u00e1zban k\u00e9t napig oxig\u00e9n maszk seg\u00edtette a l\u00e9gz\u00e9semet, azut\u00e1n ker\u00fcltem ki egy l\u00e9gkondicion\u00e1lt egyszem\u00e9lyes k\u00f3rterembe. Minden nap t\u00f6bbfog\u00e1sos men\u00fcvel kedveskedtek, nek\u00fcnk kellett reggel kiv\u00e1lasztani, m\u00e1snap mit szeretn\u00e9nk enni. A n\u00e9gy napos kir\u00e1ndul\u00e1sb\u00f3l v\u00e9g\u00fcl t\u00f6bb, mint egy h\u00e9t lett, hiszen csak a k\u00f3rh\u00e1zban hat napot t\u00f6lt\u00f6ttem, \u00e9s ekkor m\u00e9g nem tudtuk hogyan jutok majd haza.<\/p>\n\n\n\n<p>A hatodik nap, amikor hazaengedtek bement\u00fcnk busszal Valett\u00e1ba \u00e9s ett\u00fcnk egy sajtburgert a Mekiben. Nagyon v\u00e1rtam m\u00e1r ezt a pillanatot. H\u00e1rom napot voltunk v\u00e9g\u00fcl a szigeten, h\u00e1rom k\u00f6nnyed s\u00e9t\u00e1t tett\u00fcnk, hogy az\u00e9rt m\u00e9giscsak tartalommal t\u00f6lts\u00fck meg a napokat. Azut\u00e1n a biztos\u00edt\u00f3 orvos\u00e1nak enged\u00e9ly\u00e9vel rep\u00fclhett\u00fcnk haza.<\/p>\n\n\n\n<p>Nem mondom, hogy nem voltam izgatott emiatt, de minden z\u00f6kken\u0151mentes volt. Miut\u00e1n hazat\u00e9rtem siker\u00fclt bejutnom egy mag\u00e1nrendel\u00e9sre, hogy egy itthoni kardiol\u00f3gussal konzult\u00e1ljak &#8211; sajnos \u0151 a sz\u00edvbillenty\u0171m\u00f6n tal\u00e1lt valamit, aminek ott nincs semmi dolga.<\/p>\n\n\n\n<p>\u00dajra szerencs\u00e9m volt, a PAMOK kardiol\u00f3gi\u00e1j\u00e1n is felszabadult egy hely, \u00edgy m\u00e1snap m\u00e1r a k\u00f3rh\u00e1zban vizsg\u00e1ltak, ahol ugyanaz lett a diagn\u00f3zis. Feltehet\u0151en endokarditisz &#8211; amit egyf\u00e9lek\u00e9ppen lehet kider\u00edteni: be kell fek\u00fcdn\u00f6m az oszt\u00e1lyra, mert csak \u00edgy kapom meg \u00fajra a nyel\u0151cs\u0151n kereszt\u00fcli ultrahangvizsg\u00e1lat lehet\u0151s\u00e9g\u00e9t.<\/p>\n\n\n\n<p>P\u00e9nteken befek\u00fcdtem, \u00e9s a k\u00f6vetkez\u0151 kedden m\u00e1r sorra is ker\u00fcltem, \u00edgy tov\u00e1bbra is t\u00fcrelmesnek kellett maradnom, de ez ma m\u00e1r nem okoz egy\u00e1ltal\u00e1n neh\u00e9zs\u00e9get. A vizsg\u00e1lat ut\u00e1n el is ind\u00edtott\u00e1k az antibiotikumos kezel\u00e9st, ami azt jelentette: hat h\u00e9ten \u00e1t napi n\u00e9gyszer kapok majd inf\u00fazi\u00f3t. Egyenletesen elosztva, 6 \u00f3r\u00e1nk\u00e9nt. K\u00f6zben \u00e1lland\u00f3 v\u00e9rv\u00e9telekkel pr\u00f3b\u00e1ltak tiszt\u00e1bb k\u00e9pet kapni az orvosok, ami k\u00e9t h\u00e9t m\u00falva hozott eredm\u00e9nyt.<\/p>\n\n\n\n<p>A v\u00e9remb\u0151l ugyanis a bakt\u00e9rium nem teny\u00e9szett ki, ami egyszerre j\u00f3 \u00e9s rossz. A pulmonol\u00f3gusok v\u00e9lem\u00e9nye alapj\u00e1n a sz\u00edvbillenty\u0171mn\u00e9l az az 1 cm x 0.8 cm-es valami \u00edgy nem fert\u0151z\u00e9s, hanem trombus. A v\u00e9rr\u00f6g\u00f6k old\u00e1s\u00e1ra pedig felesleges az antibiotikumos kezel\u00e9s, arra m\u00e1s ter\u00e1pia kell: a v\u00e9rh\u00edg\u00edt\u00f3 seg\u00edthet.<\/p>\n\n\n\n<p>Azt m\u00e1r a haza\u00e9rkez\u00e9sem ut\u00e1n eld\u00f6nt\u00f6tt\u00e9k: a gy\u00f3gyszeres kezel\u00e9sn\u00e9l hat\u00e9konyabb injekci\u00f3 k\u00far\u00e1ra lesz sz\u00fcks\u00e9gem, \u00edgy az els\u0151 k\u00f3rh\u00e1zi napr\u00f3l m\u00e1r \u00fajra Clexane-t kapok az Eliquis helyett, \u00e9s miut\u00e1n hazaengedtek, otthon is sz\u00farhatom magam am\u00edg le nem \u00e1ll\u00edtj\u00e1k. Miel\u0151tt hazaengedtek volna, volt m\u00e9g egy ultrahangos kontroll, ez sajnos ugyanazt mutatta, mint a kor\u00e1bbi vizsg\u00e1latok &#8211; az\u00f3ta viszont kaptam 1 dl v\u00e9rt, \u00edgy ma m\u00e1r lehet jobb a helyzet. Ami biztos, a r\u00f6g\u00f6k felold\u00e1s\u00e1hoz id\u0151 kell.<\/p>\n\n\n\n<p>Itt tartunk most. A kardiol\u00f3gusok megtiltott\u00e1k, hogy sportoljak &#8211; tulajdonk\u00e9ppen a pulzusomat nyugalomban kell tartani. Azt viszont szorgalmazt\u00e1k, hogy ne meger\u0151ltetve a fokozatoss\u00e1g elv\u00e9t betartva s\u00e9t\u00e1ljak, gyalogljak, \u00edgy ide\u00e1lisnak gondolom a Kisalf\u00f6ldi piros utakat szakaszokra bontani, mert az egyr\u00e9szt s\u00edk terepen megy v\u00e9gig, m\u00e1sr\u00e9szt el\u00e9rhet\u0151 t\u00e1vols\u00e1gban van sz\u00e1munkra.<\/p>\n\n\n\n<p><em>2026. m\u00e1jus 10.<\/em><\/p>\n\n\n\n<p><\/p>\n","protected":false},"excerpt":{"rendered":"<p>M\u00e9g nem voltam 50 \u00e9ves, amikor h\u00e1zorvosom lett, addig nem tudtam, mi az a betegs\u00e9g. Azt\u00e1n 2025 nyar\u00e1n egy furcsa balesetem volt. Kedvenc kalandparkomban a t\u00f3 f\u00f6l\u00f6tti \u00e1tcs\u00fasz\u00e1sn\u00e1l beforgatott a sz\u00e9l. \u00c9n rosszul korrig\u00e1ltam, \u00e9s nem meg\u00e9rkeztem, hanem &#8211; ha nem is t\u00fal nagy sebess\u00e9ggel &#8211; de becsap\u00f3dtam a f\u00e1ba.&hellip; <\/p>\n","protected":false},"author":1,"featured_media":97,"parent":0,"menu_order":0,"comment_status":"closed","ping_status":"closed","template":"","meta":{"footnotes":""},"class_list":["post-96","page","type-page","status-publish","has-post-thumbnail","hentry"],"_links":{"self":[{"href":"https:\/\/pirosutak.hu\/index.php\/wp-json\/wp\/v2\/pages\/96","targetHints":{"allow":["GET"]}}],"collection":[{"href":"https:\/\/pirosutak.hu\/index.php\/wp-json\/wp\/v2\/pages"}],"about":[{"href":"https:\/\/pirosutak.hu\/index.php\/wp-json\/wp\/v2\/types\/page"}],"author":[{"embeddable":true,"href":"https:\/\/pirosutak.hu\/index.php\/wp-json\/wp\/v2\/users\/1"}],"replies":[{"embeddable":true,"href":"https:\/\/pirosutak.hu\/index.php\/wp-json\/wp\/v2\/comments?post=96"}],"version-history":[{"count":4,"href":"https:\/\/pirosutak.hu\/index.php\/wp-json\/wp\/v2\/pages\/96\/revisions"}],"predecessor-version":[{"id":421,"href":"https:\/\/pirosutak.hu\/index.php\/wp-json\/wp\/v2\/pages\/96\/revisions\/421"}],"wp:featuredmedia":[{"embeddable":true,"href":"https:\/\/pirosutak.hu\/index.php\/wp-json\/wp\/v2\/media\/97"}],"wp:attachment":[{"href":"https:\/\/pirosutak.hu\/index.php\/wp-json\/wp\/v2\/media?parent=96"}],"curies":[{"name":"wp","href":"https:\/\/api.w.org\/{rel}","templated":true}]}}