{"id":99,"date":"2026-05-09T09:36:41","date_gmt":"2026-05-09T09:36:41","guid":{"rendered":"https:\/\/pirosutak.hu\/?page_id=99"},"modified":"2026-05-09T09:36:41","modified_gmt":"2026-05-09T09:36:41","slug":"hazai-turamozgalmak","status":"publish","type":"page","link":"https:\/\/pirosutak.hu\/index.php\/hazai-turamozgalmak\/","title":{"rendered":"HAZAI T\u00daRAMOZGALMAK"},"content":{"rendered":"\n<p>Az Orsz\u00e1gos K\u00e9kt\u00fara (OKT)&nbsp;<strong>Magyarorsz\u00e1g \u00e9s egyben Eur\u00f3pa egyik legismertebb, legr\u00e9gebbi \u00e9s leghosszabb jelzett turistautja, amely a Dun\u00e1nt\u00falon tal\u00e1lhat\u00f3 \u00cdrott-k\u0151t\u0151l (K\u0151szegi-hegys\u00e9g) a Zempl\u00e9ni-hegys\u00e9gben l\u00e9v\u0151 Holl\u00f3h\u00e1z\u00e1ig kanyarog<\/strong>. A kb. 1170 km hossz\u00fa,&nbsp;<strong>k\u00e9k s\u00e1vval<\/strong>&nbsp;jelzett \u00fatvonal \u00e9szaki k\u00f6z\u00e9phegys\u00e9geinken \u00e9s a Dun\u00e1nt\u00falon halad \u00e1t, melyet a t\u00far\u00e1z\u00f3k b\u00e9lyegz\u00e9ssel igazolhatnak. Az Orsz\u00e1gos K\u00e9kt\u00fara az \u00cdrott-k\u0151 \u2013 Holl\u00f3h\u00e1za t\u00e1vols\u00e1g, de a teljes \u201ek\u00e9kk\u00f6r\u201d r\u00e9sze a Rockenbauer P\u00e1l D\u00e9l-dun\u00e1nt\u00fali K\u00e9kt\u00fara (541 km) \u00e9s az Alf\u00f6ldi K\u00e9kt\u00fara (870 km) is, amelyekkel egy\u00fctt a teljes K\u00e9kk\u00f6r t\u00f6bb mint 2500 km hossz\u00fa. Ez a Kisalf\u00f6ldet 2026-ig elker\u00fclte.<\/p>\n\n\n\n<p><strong>Az els\u0151 turistajelz\u00e9seket az 1870-es \u00e9vekben a Magyarorsz\u00e1gi K\u00e1rp\u00e1t Egyes\u00fclet (MKE)&nbsp;kezdte kihelyezni,<\/strong>&nbsp;akik eleinte a Magas-T\u00e1tra ki\u00e9p\u00edt\u00e9s\u00e9t t\u0171zt\u00e9k ki c\u00e9lul<strong>.<\/strong>&nbsp;A korai jelz\u00e9sek fest\u00e9kb\u0151l vagy k\u0151b\u0151l k\u00e9sz\u00fcltek, amelyeket a f\u00e1k t\u00f6rzs\u00e9re vagy szikl\u00e1kra helyeztek el.<\/p>\n\n\n\n<p>A 20. sz\u00e1zad elej\u00e9n a rendszer fokozatosan b\u0151v\u00fclt \u00e9s egys\u00e9ges\u00fclt. Az MKE kidolgozta a ma is haszn\u00e1latos sz\u00ednk\u00f3dos jelz\u00e9srendszert, amely a f\u0151bb \u00fatvonalakat k\u00e9k, piros, s\u00e1rga \u00e9s z\u00f6ld s\u00e1vokkal jel\u00f6li.<\/p>\n\n\n\n<p><strong>F\u0151 turistajelz\u00e9sek<\/strong>&nbsp;a s\u00e1v \u00e9s az \u00e1ll\u00f3 kereszt,&nbsp;<strong>le\u00e1gaz\u00f3 szimb\u00f3lumok<\/strong>&nbsp;a h\u00e1romsz\u00f6g, a n\u00e9gyzet, a k\u00f6r, a barlang, a rom, a k\u00e1polna, az eml\u00e9km\u0171 \u00e9s a b\u00e9lyegz\u0151,&nbsp;<strong>egy\u00e9b jel\u00f6l\u00e9sek<\/strong>&nbsp;pedig a k\u00f6rt\u00fara.<\/p>\n\n\n\n<p>A s\u00e1v jelz\u00e9s\u0171 utak ide\u00e1lisak a hosszabb t\u00far\u00e1kat kedvel\u0151k sz\u00e1m\u00e1ra, akik szeretn\u00e9nek bej\u00e1rni egy-egy t\u00e1jegys\u00e9get, \u00e9s k\u00f6zben megismerni a helyi nevezetess\u00e9geket. A&nbsp;&nbsp;t\u00far\u00e1z\u00f3k&nbsp;a s\u00e1v jelz\u00e9s\u0171 utak ment\u00e9n v\u00e1ltozatos t\u00e1jakon haladhatnak \u00e1t, \u00e9rinthetnek erd\u0151ket, mez\u0151ket, hegyeket, v\u00f6lgyeket \u00e9s telep\u00fcl\u00e9seket.<\/p>\n\n\n\n<figure class=\"wp-block-image\"><img decoding=\"async\" src=\"https:\/\/hikeling.hu\/wp-content\/uploads\/2024\/03\/hikeling-turistajelzesek-kek-sav.jpg\" alt=\"hikeling.hu - K\u00e9k s\u00e1v jelz\u00e9s\" class=\"wp-image-1482\"\/><\/figure>\n\n\n\n<p>A&nbsp;<strong>k\u00e9k s\u00e1v<\/strong>&nbsp;jelzi azokat a hosszabb, t\u00f6bb t\u00e1jegys\u00e9gen \u00e1tvezet\u0151 \u00fatvonalakat, amelyek kiemelked\u0151 turisztikai \u00e9rt\u00e9kkel b\u00edrnak. Ilyen \u00fatvonal p\u00e9ld\u00e1ul az&nbsp;<strong>Orsz\u00e1gos K\u00e9kt\u00fara<\/strong>, amely haz\u00e1nk leghosszabb \u00f6sszef\u00fcgg\u0151 turistajelz\u00e9se. Bizonyos t\u00e1jegys\u00e9geken a k\u00e9k s\u00e1v jelz\u00e9st nem csak orsz\u00e1gos, de helyi jelent\u0151s\u00e9g\u0171 f\u0151\u00fatvonalak jelz\u00e9s\u00e9re is haszn\u00e1lj\u00e1k. Ezek az \u00fatvonalak r\u00f6videbbek, mint az orsz\u00e1gos jelent\u0151s\u00e9g\u0171 utak, de az adott t\u00e1jegys\u00e9gen bel\u00fcl fontos szerepet t\u00f6ltenek be a t\u00far\u00e1z\u00f3k sz\u00e1m\u00e1ra. A k\u00e9k s\u00e1vval jel\u00f6lt \u00fatvonalak bej\u00e1r\u00e1sa igazi kih\u00edv\u00e1s \u00e9s \u00e9lm\u00e9ny a t\u00far\u00e1z\u00f3k sz\u00e1m\u00e1ra, \u00e9s lehet\u0151s\u00e9get ad haz\u00e1nk legszebb t\u00e1jainak felfedez\u00e9s\u00e9re. Ilyen m\u00e9g pl. a&nbsp;<strong>Rockenbauer P\u00e1l D\u00e9l-dun\u00e1nt\u00fali K\u00e9kt\u00fara<\/strong>&nbsp;\u00e9s az&nbsp;<strong>Alf\u00f6ldi K\u00e9kt\u00fara&nbsp;<\/strong>is, amelyek az Orsz\u00e1gos K\u00e9kt\u00far\u00e1val egy\u00fctt jelentik az&nbsp;<strong>Orsz\u00e1gos K\u00e9kk\u00f6r<\/strong>t, de vannak m\u00e1s ilyen jel\u00f6l\u00e9ssel ell\u00e1tott utak is, mint pl. a&nbsp;<strong>B\u00f6rzs\u00f6nyi K\u00e9k<\/strong>&nbsp;\u00e9s&nbsp;<strong>G\u00f6d\u00f6ll\u0151i K\u00e9k.<\/strong><\/p>\n\n\n\n<figure class=\"wp-block-image\"><img decoding=\"async\" src=\"https:\/\/hikeling.hu\/wp-content\/uploads\/2024\/03\/hikeling-turistajelzesek-piros-sav.jpg\" alt=\"hikeling.hu - Piros s\u00e1v jelz\u00e9s\" class=\"wp-image-1493\"\/><\/figure>\n\n\n\n<p>A&nbsp;<strong>piros s\u00e1v<\/strong>&nbsp;jelz\u00e9s a magyarorsz\u00e1gi turista\u00fat-h\u00e1l\u00f3zatban a k\u00e9k s\u00e1v ut\u00e1n a m\u00e1sodik legfontosabb kateg\u00f3ri\u00e1t jel\u00f6li. Ezek az utak hosszabbak, mint a helyi utak, \u00e9s legal\u00e1bb egy t\u00e1jegys\u00e9gen \u00e1tvezet\u0151 \u00fatvonalat jel\u00f6lnek. C\u00e9ljuk, hogy \u00f6sszek\u00f6ss\u00e9k a t\u00e1jegys\u00e9g fontosabb pontjait, \u00e9s a t\u00far\u00e1z\u00f3k sz\u00e1m\u00e1ra betekint\u00e9st ny\u00fajtsanak a t\u00e1j jellegzetess\u00e9geibe. Bizonyos t\u00e1jegys\u00e9geken a piros s\u00e1v jelz\u00e9st nem csak t\u00e1jegys\u00e9gen \u00e1tvezet\u0151, de kiemelt jelent\u0151s\u00e9g\u0171 helyi utak jelz\u00e9s\u00e9re is haszn\u00e1lj\u00e1k. Ezek az utak r\u00f6videbbek, mint a t\u00e1jegys\u00e9gen \u00e1tvezet\u0151 utak, de az adott t\u00e1jegys\u00e9gen bel\u00fcl fontos szerepet t\u00f6ltenek be a t\u00far\u00e1z\u00f3k sz\u00e1m\u00e1ra. A t\u00far\u00e1z\u00f3k a piros s\u00e1vval jel\u00f6lt utak bej\u00e1r\u00e1sakor gy\u00f6ny\u00f6rk\u00f6dhetnek a t\u00e1j sz\u00e9ps\u00e9g\u00e9ben, megismerhetik a helyi \u00e9rt\u00e9keket, \u00e9s kih\u00edvhatj\u00e1k egy k\u00f6rre a fizikai \u00e1ll\u00f3k\u00e9pess\u00e9g\u00fcket. Ilyen utak pl. a&nbsp;<strong>K\u00f6z\u00e9p-dun\u00e1nt\u00fali Piros t\u00fara<\/strong>,&nbsp;<strong>D\u00e9l-dun\u00e1nt\u00fali Piros t\u00fara<\/strong>&nbsp;\u00e9s a<strong>&nbsp;Pest megyei Piros.<\/strong><\/p>\n\n\n\n<figure class=\"wp-block-image\"><img decoding=\"async\" src=\"https:\/\/hikeling.hu\/wp-content\/uploads\/2024\/03\/hikeling-turistajelzesek-sarga-sav.jpg\" alt=\"hikeling.hu - S\u00e1rga s\u00e1v jelz\u00e9s\" class=\"wp-image-1498\"\/><\/figure>\n\n\n\n<p>A&nbsp;<strong>s\u00e1rga s\u00e1v<\/strong>&nbsp;jelz\u00e9s nem orsz\u00e1gos vagy t\u00e1jegys\u00e9gi, hanem helyi jelent\u0151s\u00e9g\u0171. Ezek az utak r\u00f6videbbek, mint a k\u00e9k \u00e9s piros s\u00e1vval jel\u00f6lt utak, de az adott t\u00e1jegys\u00e9gen bel\u00fcl fontos szerepet t\u00f6ltenek be. C\u00e9ljuk, hogy \u00f6sszek\u00f6ss\u00e9k a t\u00e1jegys\u00e9g fontosabb pontjait, \u00e9s a t\u00far\u00e1z\u00f3k sz\u00e1m\u00e1ra betekint\u00e9st ny\u00fajtsanak a helyi \u00e9rt\u00e9kekbe. Ezek az utak a helyi t\u00fara\u00fath\u00e1l\u00f3zat gerinc\u00e9t alkotj\u00e1k. \u00d6sszek\u00f6tik a kisebb telep\u00fcl\u00e9seket \u00e9s turisztikai c\u00e9lpontokat \u00e9s a k\u00e9k, piros s\u00e1vval jel\u00f6lt hosszabb \u00fatvonalakat. Pl. ilyen a&nbsp;<strong>Szent M\u00e1rton kultur\u00e1lis \u00fatvonal.<\/strong><\/p>\n\n\n\n<figure class=\"wp-block-image\"><img decoding=\"async\" src=\"https:\/\/hikeling.hu\/wp-content\/uploads\/2024\/03\/hikeling-turistajelzesek-zold-sav.jpg\" alt=\"hikeling.hu - Z\u00f6ld s\u00e1v jelz\u00e9s\" class=\"wp-image-1502\"\/><\/figure>\n\n\n\n<p>A&nbsp;<strong>z\u00f6ld s\u00e1v<\/strong>&nbsp;jelz\u00e9s a magyarorsz\u00e1gi turista\u00fat-h\u00e1l\u00f3zatban azokat a helyi gerinch\u00e1l\u00f3zati \u00fatvonalakat jel\u00f6li, amelyek nem tartoznak a k\u00e9k, piros \u00e9s s\u00e1rga s\u00e1vval jel\u00f6lt \u00fatvonalak kateg\u00f3ri\u00e1ihoz. Ezek az utak nem orsz\u00e1gos, t\u00e1jegys\u00e9gi, s\u0151t, nem is \u00e1ltal\u00e1nos helyi jelent\u0151s\u00e9g\u0171ek, hanem specifikusabb, lok\u00e1lisabb szerepet t\u00f6ltenek be. C\u00e9ljuk, hogy \u00f6sszek\u00f6ss\u00e9k a t\u00e1jegys\u00e9g egy-egy kisebb r\u00e9gi\u00f3j\u00e1nak fontosabb pontjait. A z\u00f6ld s\u00e1v jelz\u00e9ssel jel\u00f6lt utak ide\u00e1lisak a helyi t\u00e1jak, kisebb r\u00e9gi\u00f3k felfedez\u00e9s\u00e9re, a t\u00far\u00e1z\u00e1si \u00e9lm\u00e9ny megszerz\u00e9s\u00e9re \u00e9s a kikapcsol\u00f3d\u00e1sra. Pl. ilyen az&nbsp;<strong>\u00c9szaki Z\u00f6ld<\/strong>&nbsp;\u00e9s a&nbsp;<strong>Vasf\u00fcgg\u00f6ny turista\u00fat.<\/strong><\/p>\n\n\n\n<figure class=\"wp-block-image\"><img decoding=\"async\" src=\"https:\/\/hikeling.hu\/wp-content\/uploads\/2024\/03\/hikeling-turistajelzesek-kek-kereszt.jpg\" alt=\"hikeling.hu - K\u00e9k \u00e1ll\u00f3 kereszt jelz\u00e9s\" class=\"wp-image-1511\"\/><\/figure>\n\n\n\n<p>Az&nbsp;<strong>\u00e1ll\u00f3&nbsp;<\/strong><strong>kereszt jelz\u00e9s<\/strong>&nbsp;a s\u00e1v jelz\u00e9s\u0171 utak (k\u00e9k, piros, s\u00e1rga, z\u00f6ld) els\u0151dleges kapcsol\u00f3d\u00e1si pontjait jel\u00f6li. \u00d6sszek\u00f6tik a t\u00e1jegys\u00e9g fontosabb pontjait, \u00e9s a t\u00far\u00e1z\u00f3k sz\u00e1m\u00e1ra a leggyorsabb \u00e9s legegyszer\u0171bb \u00fatvonalat biztos\u00edtj\u00e1k a c\u00e9lpontjuk el\u00e9r\u00e9s\u00e9hez. K\u00e9t, jelzett s\u00e1v jelk\u00e9p\u0171 \u00fat k\u00f6z\u00f6tti \u00e1tk\u00f6t\u00e9st is jel\u00f6lhet. Ez lehet \u00fatv\u00e1ltozat, amely kiker\u00fcli a nehezebb terepszakaszokat, vagy alternat\u00edv \u00fatvonal, amely egy m\u00e1sik telep\u00fcl\u00e9sre vezet. Fontos t\u00e1j\u00e9koz\u00f3d\u00e1si pontot jelent, mert megmutatja, hogy hol lehet csatlakozni a s\u00e1v jelz\u00e9s\u0171 \u00fath\u00e1l\u00f3zathoz.<\/p>\n\n\n\n<p>B\u00e1r a K\u00e9k-t\u00fara elker\u00fcli a Szigetk\u00f6zt \u00e9s a Kisalf\u00f6ldet, itt Gy\u0151rben \u00e9s k\u00f6rny\u00e9k\u00e9n is van hov\u00e1 \u00e9s mi\u00e9rt kir\u00e1ndulni.<\/p>\n","protected":false},"excerpt":{"rendered":"<p>Az Orsz\u00e1gos K\u00e9kt\u00fara (OKT)&nbsp;Magyarorsz\u00e1g \u00e9s egyben Eur\u00f3pa egyik legismertebb, legr\u00e9gebbi \u00e9s leghosszabb jelzett turistautja, amely a Dun\u00e1nt\u00falon tal\u00e1lhat\u00f3 \u00cdrott-k\u0151t\u0151l (K\u0151szegi-hegys\u00e9g) a Zempl\u00e9ni-hegys\u00e9gben l\u00e9v\u0151 Holl\u00f3h\u00e1z\u00e1ig kanyarog. A kb. 1170 km hossz\u00fa,&nbsp;k\u00e9k s\u00e1vval&nbsp;jelzett \u00fatvonal \u00e9szaki k\u00f6z\u00e9phegys\u00e9geinken \u00e9s a Dun\u00e1nt\u00falon halad \u00e1t, melyet a t\u00far\u00e1z\u00f3k b\u00e9lyegz\u00e9ssel igazolhatnak. Az Orsz\u00e1gos K\u00e9kt\u00fara az \u00cdrott-k\u0151 \u2013&hellip; <\/p>\n","protected":false},"author":1,"featured_media":85,"parent":0,"menu_order":0,"comment_status":"closed","ping_status":"closed","template":"","meta":{"footnotes":""},"class_list":["post-99","page","type-page","status-publish","has-post-thumbnail","hentry"],"_links":{"self":[{"href":"https:\/\/pirosutak.hu\/index.php\/wp-json\/wp\/v2\/pages\/99","targetHints":{"allow":["GET"]}}],"collection":[{"href":"https:\/\/pirosutak.hu\/index.php\/wp-json\/wp\/v2\/pages"}],"about":[{"href":"https:\/\/pirosutak.hu\/index.php\/wp-json\/wp\/v2\/types\/page"}],"author":[{"embeddable":true,"href":"https:\/\/pirosutak.hu\/index.php\/wp-json\/wp\/v2\/users\/1"}],"replies":[{"embeddable":true,"href":"https:\/\/pirosutak.hu\/index.php\/wp-json\/wp\/v2\/comments?post=99"}],"version-history":[{"count":2,"href":"https:\/\/pirosutak.hu\/index.php\/wp-json\/wp\/v2\/pages\/99\/revisions"}],"predecessor-version":[{"id":356,"href":"https:\/\/pirosutak.hu\/index.php\/wp-json\/wp\/v2\/pages\/99\/revisions\/356"}],"wp:featuredmedia":[{"embeddable":true,"href":"https:\/\/pirosutak.hu\/index.php\/wp-json\/wp\/v2\/media\/85"}],"wp:attachment":[{"href":"https:\/\/pirosutak.hu\/index.php\/wp-json\/wp\/v2\/media?parent=99"}],"curies":[{"name":"wp","href":"https:\/\/api.w.org\/{rel}","templated":true}]}}